{"id":988789,"date":"2022-09-08T14:04:28","date_gmt":"2022-09-08T12:04:28","guid":{"rendered":"https:\/\/anthonywalton.es\/site\/politica-de-privacidad\/"},"modified":"2023-11-27T12:50:20","modified_gmt":"2023-11-27T11:50:20","slug":"politica-de-privacidad","status":"publish","type":"page","link":"https:\/\/anthonywalton.es\/site\/es\/politica-de-privacidad\/","title":{"rendered":"Pol\u00edtica de privacidad"},"content":{"rendered":"\t\t<div data-elementor-type=\"wp-page\" data-elementor-id=\"988789\" class=\"elementor elementor-988789 elementor-3\" data-elementor-post-type=\"page\">\n\t\t\t\t\t\t<section class=\"elementor-section elementor-top-section elementor-element elementor-element-3752e3f elementor-section-boxed elementor-section-height-default elementor-section-height-default\" data-id=\"3752e3f\" data-element_type=\"section\" data-e-type=\"section\">\n\t\t\t\t\t\t<div class=\"elementor-container elementor-column-gap-no\">\n\t\t\t\t\t<div class=\"elementor-column elementor-col-50 elementor-top-column elementor-element elementor-element-e5e5eb0\" data-id=\"e5e5eb0\" data-element_type=\"column\" data-e-type=\"column\">\n\t\t\t<div class=\"elementor-widget-wrap elementor-element-populated\">\n\t\t\t\t\t\t<div class=\"elementor-element elementor-element-3da94fd elementor-position-inline-end elementor-widget__width-auto elementor-mobile-position-inline-end elementor-widget-mobile__width-auto elementor-view-default elementor-invisible elementor-widget elementor-widget-icon-box\" data-id=\"3da94fd\" data-element_type=\"widget\" data-e-type=\"widget\" data-settings=\"{&quot;_animation&quot;:&quot;slideInUp&quot;}\" data-widget_type=\"icon-box.default\">\n\t\t\t\t<div class=\"elementor-widget-container\">\n\t\t\t\t\t\t\t<div class=\"elementor-icon-box-wrapper\">\n\n\t\t\t\t\t\t<div class=\"elementor-icon-box-icon\">\n\t\t\t\t<span  class=\"elementor-icon\">\n\t\t\t\t<i aria-hidden=\"true\" class=\"vamtamtheme- vamtam-theme-line-titles\"><\/i>\t\t\t\t<\/span>\n\t\t\t<\/div>\n\t\t\t\n\t\t\t\t\t\t<div class=\"elementor-icon-box-content\">\n\n\t\t\t\t\t\t\t\t\t<span class=\"elementor-icon-box-title\">\n\t\t\t\t\t\t<span  >\n\t\t\t\t\t\t\tPrivacidad\t\t\t\t\t\t<\/span>\n\t\t\t\t\t<\/span>\n\t\t\t\t\n\t\t\t\t\n\t\t\t<\/div>\n\t\t\t\n\t\t<\/div>\n\t\t\t\t\t\t<\/div>\n\t\t\t\t<\/div>\n\t\t\t\t\t<\/div>\n\t\t<\/div>\n\t\t\t\t<div class=\"elementor-column elementor-col-50 elementor-top-column elementor-element elementor-element-497e17e\" data-id=\"497e17e\" data-element_type=\"column\" data-e-type=\"column\">\n\t\t\t<div class=\"elementor-widget-wrap\">\n\t\t\t\t\t\t\t<\/div>\n\t\t<\/div>\n\t\t\t\t\t<\/div>\n\t\t<\/section>\n\t\t\t\t<section class=\"elementor-section elementor-top-section elementor-element elementor-element-75e9d0c elementor-section-boxed elementor-section-height-default elementor-section-height-default\" data-id=\"75e9d0c\" data-element_type=\"section\" data-e-type=\"section\">\n\t\t\t\t\t\t<div class=\"elementor-container elementor-column-gap-no\">\n\t\t\t\t\t<div class=\"elementor-column elementor-col-100 elementor-top-column elementor-element elementor-element-1b11d4e\" data-id=\"1b11d4e\" data-element_type=\"column\" data-e-type=\"column\">\n\t\t\t<div class=\"elementor-widget-wrap elementor-element-populated\">\n\t\t\t\t\t\t<div class=\"elementor-element elementor-element-77d23c3 elementor-widget elementor-widget-heading\" data-id=\"77d23c3\" data-element_type=\"widget\" data-e-type=\"widget\" data-widget_type=\"heading.default\">\n\t\t\t\t<div class=\"elementor-widget-container\">\n\t\t\t\t\t<h3 class=\"elementor-heading-title elementor-size-default\">Resumen<\/h3>\t\t\t\t<\/div>\n\t\t\t\t<\/div>\n\t\t\t\t<div class=\"vamtam-has-theme-widget-styles elementor-element elementor-element-4e48e24 elementor-widget elementor-widget-text-editor\" data-id=\"4e48e24\" data-element_type=\"widget\" data-e-type=\"widget\" data-widget_type=\"text-editor.default\">\n\t\t\t\t<div class=\"elementor-widget-container\">\n\t\t\t\t\t\t\t\t\t<p>Nos encargaremos de proteger sus datos de conformidad con la ley. Nuestro sitio web utiliza Jetpack Analytics para analizar los datos de tr\u00e1fico. Estos datos son an\u00f3nimos. El sitio web utiliza cookies a las que Anthony Walton Construcciones no tiene acceso con el fin de proporcionar una mejor experiencia. A menos que nos env\u00edes tu informaci\u00f3n a trav\u00e9s del formulario de contacto (o por otros medios), no disponemos de tus datos personales. Si nos env\u00edas tus datos, o si accidentalmente recibimos esos datos tuyos, los trataremos de forma privada de acuerdo con la ley. Y ya est\u00e1.<\/p>\n\t\t\t\t\t\t\t\t<\/div>\n\t\t\t\t<\/div>\n\t\t\t\t<div class=\"elementor-element elementor-element-be93070 elementor-widget elementor-widget-heading\" data-id=\"be93070\" data-element_type=\"widget\" data-e-type=\"widget\" data-widget_type=\"heading.default\">\n\t\t\t\t<div class=\"elementor-widget-container\">\n\t\t\t\t\t<h3 class=\"elementor-heading-title elementor-size-default\">Cookies<\/h3>\t\t\t\t<\/div>\n\t\t\t\t<\/div>\n\t\t\t\t<div class=\"vamtam-has-theme-widget-styles elementor-element elementor-element-2903ba0 elementor-widget elementor-widget-text-editor\" data-id=\"2903ba0\" data-element_type=\"widget\" data-e-type=\"widget\" data-widget_type=\"text-editor.default\">\n\t\t\t\t<div class=\"elementor-widget-container\">\n\t\t\t\t\t\t\t\t\t<p>Al igual que innumerables otros sitios web, Anthony Walton Construcciones utiliza cookies para mejorar tu experiencia y para an\u00e1lisis proporcionados por Jetpack y de acuerdo con la pol\u00edtica de privacidad de Auttomatic. Dado que los datos de las cookies no se almacenan en nuestro servidor, Anthony Walton Construcciones no puede ver en ning\u00fan momento el contenido all\u00ed almacenado. Sin embargo, es posible que existan fallos de seguridad en algunos navegadores o sistemas operativos que, en teor\u00eda, podr\u00edan permitir a otros administradores del sitio escribir secuencias de comandos maliciosas que recopilar\u00edan datos sin el conocimiento de Anthony Walton Construcciones, aunque esto es muy poco probable.<\/p>\n\t\t\t\t\t\t\t\t<\/div>\n\t\t\t\t<\/div>\n\t\t\t\t<div class=\"elementor-element elementor-element-7ca0a89 elementor-widget elementor-widget-heading\" data-id=\"7ca0a89\" data-element_type=\"widget\" data-e-type=\"widget\" data-widget_type=\"heading.default\">\n\t\t\t\t<div class=\"elementor-widget-container\">\n\t\t\t\t\t<h3 class=\"elementor-heading-title elementor-size-default\">Privacidad<\/h3>\t\t\t\t<\/div>\n\t\t\t\t<\/div>\n\t\t\t\t<div class=\"vamtam-has-theme-widget-styles elementor-element elementor-element-1eb71bd elementor-widget elementor-widget-text-editor\" data-id=\"1eb71bd\" data-element_type=\"widget\" data-e-type=\"widget\" data-widget_type=\"text-editor.default\">\n\t\t\t\t<div class=\"elementor-widget-container\">\n\t\t\t\t\t\t\t\t\t<p>Anthony Walton Construcciones garantiza la seguridad y confidencialidad de los datos de car\u00e1cter personal facilitados por sus clientes, y por tanto, de acuerdo con lo establecido en la Ley Org\u00e1nica 15\/1999, de Protecci\u00f3n de Datos de Car\u00e1cter Personal (LOPD) y en la normativa de desarrollo, el cliente\/usuario queda informado y presta su consentimiento a la incorporaci\u00f3n de sus datos a los ficheros automatizados existentes en Anthony Walton Construcciones y al tratamiento automatizado de los mismos, incluidos aquellos a los que Anthony Walton Construcciones tenga acceso como consecuencia de su navegaci\u00f3n por este sitio web, con la finalidad de remitir y facilitar las comunicaciones comerciales, comercializaci\u00f3n de productos y servicios, mantenimiento y gesti\u00f3n de la relaci\u00f3n comercial y contractual con Anthony Walton Construcciones, con el fin de prestar nuestros servicios de una forma m\u00e1s personalizada y eficaz. Las partes que tendr\u00e1n acceso a dichos datos ser\u00e1n los responsables de los aspectos empresariales y t\u00e9cnicos de Anthony Walton Construcciones.<\/p>\n\t\t\t\t\t\t\t\t<\/div>\n\t\t\t\t<\/div>\n\t\t\t\t<div class=\"vamtam-has-theme-widget-styles elementor-element elementor-element-9325ec1 elementor-widget elementor-widget-text-editor\" data-id=\"9325ec1\" data-element_type=\"widget\" data-e-type=\"widget\" data-widget_type=\"text-editor.default\">\n\t\t\t\t<div class=\"elementor-widget-container\">\n\t\t\t\t\t\t\t\t\t<p>La pol\u00edtica de privacidad de Anthony Walton Construcciones te garantiza, en todo caso, los derechos de acceso, rectificaci\u00f3n, cancelaci\u00f3n, informaci\u00f3n valorativa y oposici\u00f3n, en los t\u00e9rminos establecidos en la legislaci\u00f3n vigente.<\/p>\n<p>Por ello, y por lo establecido en la Ley Org\u00e1nica 15\/1999 de Protecci\u00f3n de Datos de Car\u00e1cter Personal y en la normativa de desarrollo, Anthony Walton Construcciones garantiza la adopci\u00f3n de las medidas necesarias para el tratamiento confidencial de dichos datos e informa de la posibilidad de ejercitar, conforme a la normativa establecida, los derechos de acceso, rectificaci\u00f3n, cancelaci\u00f3n y oposici\u00f3n, dirigiendo un escrito a Anthony Walton Construcciones a trav\u00e9s de nuestro formulario de contacto de esta p\u00e1gina web o de cualquiera de las formas que aparecen en la misma.<\/p>\t\t\t\t\t\t\t\t<\/div>\n\t\t\t\t<\/div>\n\t\t\t\t\t<\/div>\n\t\t<\/div>\n\t\t\t\t\t<\/div>\n\t\t<\/section>\n\t\t\t\t<\/div>\n\t\t","protected":false},"excerpt":{"rendered":"<p>Privacidad Resumen Nos encargaremos de proteger sus datos de conformidad con la ley. Nuestro sitio web utiliza Jetpack Analytics para analizar los datos de tr\u00e1fico. Estos datos son an\u00f3nimos. El sitio web utiliza cookies a las que Anthony Walton Construcciones no tiene acceso con el fin de proporcionar una mejor experiencia. A menos que nos&#8230;<\/p>\n","protected":false},"author":1,"featured_media":0,"parent":0,"menu_order":0,"comment_status":"closed","ping_status":"open","template":"","meta":{"_themeisle_gutenberg_block_has_review":false,"footnotes":""},"class_list":["post-988789","page","type-page","status-publish","hentry"],"yoast_head":"<!-- This site is optimized with the Yoast SEO plugin v27.4 - https:\/\/yoast.com\/product\/yoast-seo-wordpress\/ -->\n<title>Pol\u00edtica de privacidad - Anthony Walton Construcciones<\/title>\n<meta name=\"robots\" content=\"index, follow, max-snippet:-1, max-image-preview:large, max-video-preview:-1\" \/>\n<link rel=\"canonical\" href=\"https:\/\/anthonywalton.es\/site\/es\/politica-de-privacidad\/\" \/>\n<meta property=\"og:locale\" content=\"es_ES\" \/>\n<meta property=\"og:type\" content=\"article\" \/>\n<meta property=\"og:title\" content=\"Pol\u00edtica de privacidad - Anthony Walton Construcciones\" \/>\n<meta property=\"og:description\" content=\"Privacidad Resumen Nos encargaremos de proteger sus datos de conformidad con la ley. Nuestro sitio web utiliza Jetpack Analytics para analizar los datos de tr\u00e1fico. Estos datos son an\u00f3nimos. El sitio web utiliza cookies a las que Anthony Walton Construcciones no tiene acceso con el fin de proporcionar una mejor experiencia. A menos que nos...\" \/>\n<meta property=\"og:url\" content=\"https:\/\/anthonywalton.es\/site\/es\/politica-de-privacidad\/\" \/>\n<meta property=\"og:site_name\" content=\"Anthony Walton Construcciones\" \/>\n<meta property=\"article:modified_time\" content=\"2023-11-27T11:50:20+00:00\" \/>\n<meta name=\"twitter:card\" content=\"summary_large_image\" \/>\n<meta name=\"twitter:label1\" content=\"Tiempo de lectura\" \/>\n\t<meta name=\"twitter:data1\" content=\"3 minutos\" \/>\n<script type=\"application\/ld+json\" class=\"yoast-schema-graph\">{\"@context\":\"https:\\\/\\\/schema.org\",\"@graph\":[{\"@type\":\"WebPage\",\"@id\":\"https:\\\/\\\/anthonywalton.es\\\/site\\\/es\\\/politica-de-privacidad\\\/\",\"url\":\"https:\\\/\\\/anthonywalton.es\\\/site\\\/es\\\/politica-de-privacidad\\\/\",\"name\":\"Pol\u00edtica de privacidad - Anthony Walton Construcciones\",\"isPartOf\":{\"@id\":\"https:\\\/\\\/anthonywalton.es\\\/site\\\/es\\\/#website\"},\"datePublished\":\"2022-09-08T12:04:28+00:00\",\"dateModified\":\"2023-11-27T11:50:20+00:00\",\"breadcrumb\":{\"@id\":\"https:\\\/\\\/anthonywalton.es\\\/site\\\/es\\\/politica-de-privacidad\\\/#breadcrumb\"},\"inLanguage\":\"es\",\"potentialAction\":[{\"@type\":\"ReadAction\",\"target\":[\"https:\\\/\\\/anthonywalton.es\\\/site\\\/es\\\/politica-de-privacidad\\\/\"]}]},{\"@type\":\"BreadcrumbList\",\"@id\":\"https:\\\/\\\/anthonywalton.es\\\/site\\\/es\\\/politica-de-privacidad\\\/#breadcrumb\",\"itemListElement\":[{\"@type\":\"ListItem\",\"position\":1,\"name\":\"Inicio\",\"item\":\"https:\\\/\\\/anthonywalton.es\\\/site\\\/es\\\/anthony-walton-construcciones-capdepera-mallorca\\\/\"},{\"@type\":\"ListItem\",\"position\":2,\"name\":\"Pol\u00edtica de privacidad\"}]},{\"@type\":\"WebSite\",\"@id\":\"https:\\\/\\\/anthonywalton.es\\\/site\\\/es\\\/#website\",\"url\":\"https:\\\/\\\/anthonywalton.es\\\/site\\\/es\\\/\",\"name\":\"Anthony Walton Construcciones\",\"description\":\"We Build Your Dreams\",\"publisher\":{\"@id\":\"https:\\\/\\\/anthonywalton.es\\\/site\\\/es\\\/#organization\"},\"potentialAction\":[{\"@type\":\"SearchAction\",\"target\":{\"@type\":\"EntryPoint\",\"urlTemplate\":\"https:\\\/\\\/anthonywalton.es\\\/site\\\/es\\\/?s={search_term_string}\"},\"query-input\":{\"@type\":\"PropertyValueSpecification\",\"valueRequired\":true,\"valueName\":\"search_term_string\"}}],\"inLanguage\":\"es\"},{\"@type\":\"Organization\",\"@id\":\"https:\\\/\\\/anthonywalton.es\\\/site\\\/es\\\/#organization\",\"name\":\"Anthony Walton Construcciones\",\"url\":\"https:\\\/\\\/anthonywalton.es\\\/site\\\/es\\\/\",\"logo\":{\"@type\":\"ImageObject\",\"inLanguage\":\"es\",\"@id\":\"https:\\\/\\\/anthonywalton.es\\\/site\\\/es\\\/#\\\/schema\\\/logo\\\/image\\\/\",\"url\":\"https:\\\/\\\/anthonywalton.es\\\/site\\\/wp-content\\\/uploads\\\/2023\\\/05\\\/AWC_Logo_512w_CloseCrp.png\",\"contentUrl\":\"https:\\\/\\\/anthonywalton.es\\\/site\\\/wp-content\\\/uploads\\\/2023\\\/05\\\/AWC_Logo_512w_CloseCrp.png\",\"width\":512,\"height\":86,\"caption\":\"Anthony Walton Construcciones\"},\"image\":{\"@id\":\"https:\\\/\\\/anthonywalton.es\\\/site\\\/es\\\/#\\\/schema\\\/logo\\\/image\\\/\"}}]}<\/script>\n<!-- \/ Yoast SEO plugin. -->","yoast_head_json":{"title":"Pol\u00edtica de privacidad - Anthony Walton Construcciones","robots":{"index":"index","follow":"follow","max-snippet":"max-snippet:-1","max-image-preview":"max-image-preview:large","max-video-preview":"max-video-preview:-1"},"canonical":"https:\/\/anthonywalton.es\/site\/es\/politica-de-privacidad\/","og_locale":"es_ES","og_type":"article","og_title":"Pol\u00edtica de privacidad - Anthony Walton Construcciones","og_description":"Privacidad Resumen Nos encargaremos de proteger sus datos de conformidad con la ley. Nuestro sitio web utiliza Jetpack Analytics para analizar los datos de tr\u00e1fico. Estos datos son an\u00f3nimos. El sitio web utiliza cookies a las que Anthony Walton Construcciones no tiene acceso con el fin de proporcionar una mejor experiencia. A menos que nos...","og_url":"https:\/\/anthonywalton.es\/site\/es\/politica-de-privacidad\/","og_site_name":"Anthony Walton Construcciones","article_modified_time":"2023-11-27T11:50:20+00:00","twitter_card":"summary_large_image","twitter_misc":{"Tiempo de lectura":"3 minutos"},"schema":{"@context":"https:\/\/schema.org","@graph":[{"@type":"WebPage","@id":"https:\/\/anthonywalton.es\/site\/es\/politica-de-privacidad\/","url":"https:\/\/anthonywalton.es\/site\/es\/politica-de-privacidad\/","name":"Pol\u00edtica de privacidad - Anthony Walton Construcciones","isPartOf":{"@id":"https:\/\/anthonywalton.es\/site\/es\/#website"},"datePublished":"2022-09-08T12:04:28+00:00","dateModified":"2023-11-27T11:50:20+00:00","breadcrumb":{"@id":"https:\/\/anthonywalton.es\/site\/es\/politica-de-privacidad\/#breadcrumb"},"inLanguage":"es","potentialAction":[{"@type":"ReadAction","target":["https:\/\/anthonywalton.es\/site\/es\/politica-de-privacidad\/"]}]},{"@type":"BreadcrumbList","@id":"https:\/\/anthonywalton.es\/site\/es\/politica-de-privacidad\/#breadcrumb","itemListElement":[{"@type":"ListItem","position":1,"name":"Inicio","item":"https:\/\/anthonywalton.es\/site\/es\/anthony-walton-construcciones-capdepera-mallorca\/"},{"@type":"ListItem","position":2,"name":"Pol\u00edtica de privacidad"}]},{"@type":"WebSite","@id":"https:\/\/anthonywalton.es\/site\/es\/#website","url":"https:\/\/anthonywalton.es\/site\/es\/","name":"Anthony Walton Construcciones","description":"We Build Your Dreams","publisher":{"@id":"https:\/\/anthonywalton.es\/site\/es\/#organization"},"potentialAction":[{"@type":"SearchAction","target":{"@type":"EntryPoint","urlTemplate":"https:\/\/anthonywalton.es\/site\/es\/?s={search_term_string}"},"query-input":{"@type":"PropertyValueSpecification","valueRequired":true,"valueName":"search_term_string"}}],"inLanguage":"es"},{"@type":"Organization","@id":"https:\/\/anthonywalton.es\/site\/es\/#organization","name":"Anthony Walton Construcciones","url":"https:\/\/anthonywalton.es\/site\/es\/","logo":{"@type":"ImageObject","inLanguage":"es","@id":"https:\/\/anthonywalton.es\/site\/es\/#\/schema\/logo\/image\/","url":"https:\/\/anthonywalton.es\/site\/wp-content\/uploads\/2023\/05\/AWC_Logo_512w_CloseCrp.png","contentUrl":"https:\/\/anthonywalton.es\/site\/wp-content\/uploads\/2023\/05\/AWC_Logo_512w_CloseCrp.png","width":512,"height":86,"caption":"Anthony Walton Construcciones"},"image":{"@id":"https:\/\/anthonywalton.es\/site\/es\/#\/schema\/logo\/image\/"}}]}},"jetpack-related-posts":[],"jetpack_sharing_enabled":true,"_links":{"self":[{"href":"https:\/\/anthonywalton.es\/site\/es\/wp-json\/wp\/v2\/pages\/988789","targetHints":{"allow":["GET"]}}],"collection":[{"href":"https:\/\/anthonywalton.es\/site\/es\/wp-json\/wp\/v2\/pages"}],"about":[{"href":"https:\/\/anthonywalton.es\/site\/es\/wp-json\/wp\/v2\/types\/page"}],"author":[{"embeddable":true,"href":"https:\/\/anthonywalton.es\/site\/es\/wp-json\/wp\/v2\/users\/1"}],"replies":[{"embeddable":true,"href":"https:\/\/anthonywalton.es\/site\/es\/wp-json\/wp\/v2\/comments?post=988789"}],"version-history":[{"count":0,"href":"https:\/\/anthonywalton.es\/site\/es\/wp-json\/wp\/v2\/pages\/988789\/revisions"}],"wp:attachment":[{"href":"https:\/\/anthonywalton.es\/site\/es\/wp-json\/wp\/v2\/media?parent=988789"}],"curies":[{"name":"wp","href":"https:\/\/api.w.org\/{rel}","templated":true}]}}