{"id":988781,"date":"2022-09-13T13:27:32","date_gmt":"2022-09-13T11:27:32","guid":{"rendered":"https:\/\/anthonywalton.es\/site\/condiciones-de-uso\/"},"modified":"2023-11-27T12:51:48","modified_gmt":"2023-11-27T11:51:48","slug":"condiciones-de-uso","status":"publish","type":"page","link":"https:\/\/anthonywalton.es\/site\/es\/condiciones-de-uso\/","title":{"rendered":"Condiciones de uso"},"content":{"rendered":"\t\t<div data-elementor-type=\"wp-page\" data-elementor-id=\"988781\" class=\"elementor elementor-988781 elementor-1155\" data-elementor-post-type=\"page\">\n\t\t\t\t\t\t<section class=\"elementor-section elementor-top-section elementor-element elementor-element-f7be61b elementor-section-boxed elementor-section-height-default elementor-section-height-default\" data-id=\"f7be61b\" data-element_type=\"section\" data-e-type=\"section\">\n\t\t\t\t\t\t<div class=\"elementor-container elementor-column-gap-no\">\n\t\t\t\t\t<div class=\"elementor-column elementor-col-50 elementor-top-column elementor-element elementor-element-4b13d00\" data-id=\"4b13d00\" data-element_type=\"column\" data-e-type=\"column\">\n\t\t\t<div class=\"elementor-widget-wrap elementor-element-populated\">\n\t\t\t\t\t\t<div class=\"elementor-element elementor-element-1ad8634 elementor-position-inline-end elementor-widget__width-auto elementor-mobile-position-inline-end elementor-widget-mobile__width-auto elementor-view-default elementor-invisible elementor-widget elementor-widget-icon-box\" data-id=\"1ad8634\" data-element_type=\"widget\" data-e-type=\"widget\" data-settings=\"{&quot;_animation&quot;:&quot;slideInUp&quot;}\" data-widget_type=\"icon-box.default\">\n\t\t\t\t<div class=\"elementor-widget-container\">\n\t\t\t\t\t\t\t<div class=\"elementor-icon-box-wrapper\">\n\n\t\t\t\t\t\t<div class=\"elementor-icon-box-icon\">\n\t\t\t\t<span  class=\"elementor-icon\">\n\t\t\t\t<i aria-hidden=\"true\" class=\"vamtamtheme- vamtam-theme-line-titles\"><\/i>\t\t\t\t<\/span>\n\t\t\t<\/div>\n\t\t\t\n\t\t\t\t\t\t<div class=\"elementor-icon-box-content\">\n\n\t\t\t\t\t\t\t\t\t<span class=\"elementor-icon-box-title\">\n\t\t\t\t\t\t<span  >\n\t\t\t\t\t\t\tCondiciones de uso\t\t\t\t\t\t<\/span>\n\t\t\t\t\t<\/span>\n\t\t\t\t\n\t\t\t\t\n\t\t\t<\/div>\n\t\t\t\n\t\t<\/div>\n\t\t\t\t\t\t<\/div>\n\t\t\t\t<\/div>\n\t\t\t\t\t<\/div>\n\t\t<\/div>\n\t\t\t\t<div class=\"elementor-column elementor-col-50 elementor-top-column elementor-element elementor-element-f733752\" data-id=\"f733752\" data-element_type=\"column\" data-e-type=\"column\">\n\t\t\t<div class=\"elementor-widget-wrap\">\n\t\t\t\t\t\t\t<\/div>\n\t\t<\/div>\n\t\t\t\t\t<\/div>\n\t\t<\/section>\n\t\t\t\t<section class=\"elementor-section elementor-top-section elementor-element elementor-element-fb5b776 elementor-section-boxed elementor-section-height-default elementor-section-height-default\" data-id=\"fb5b776\" data-element_type=\"section\" data-e-type=\"section\">\n\t\t\t\t\t\t<div class=\"elementor-container elementor-column-gap-no\">\n\t\t\t\t\t<div class=\"elementor-column elementor-col-100 elementor-top-column elementor-element elementor-element-2121bc4\" data-id=\"2121bc4\" data-element_type=\"column\" data-e-type=\"column\">\n\t\t\t<div class=\"elementor-widget-wrap elementor-element-populated\">\n\t\t\t\t\t\t<div class=\"elementor-element elementor-element-3281eed elementor-widget elementor-widget-heading\" data-id=\"3281eed\" data-element_type=\"widget\" data-e-type=\"widget\" data-widget_type=\"heading.default\">\n\t\t\t\t<div class=\"elementor-widget-container\">\n\t\t\t\t\t<h3 class=\"elementor-heading-title elementor-size-default\">Condiciones de uso<br><\/h3>\t\t\t\t<\/div>\n\t\t\t\t<\/div>\n\t\t\t\t<div class=\"elementor-element elementor-element-ef1fada elementor-widget elementor-widget-heading\" data-id=\"ef1fada\" data-element_type=\"widget\" data-e-type=\"widget\" data-widget_type=\"heading.default\">\n\t\t\t\t<div class=\"elementor-widget-container\">\n\t\t\t\t\t<h3 class=\"elementor-heading-title elementor-size-default\">\u00bfC\u00f3mo recopilamos la informaci\u00f3n?<\/h3>\t\t\t\t<\/div>\n\t\t\t\t<\/div>\n\t\t\t\t<div class=\"vamtam-has-theme-widget-styles elementor-element elementor-element-3310b1f elementor-widget elementor-widget-text-editor\" data-id=\"3310b1f\" data-element_type=\"widget\" data-e-type=\"widget\" data-widget_type=\"text-editor.default\">\n\t\t\t\t<div class=\"elementor-widget-container\">\n\t\t\t\t\t\t\t\t\t<p>\u00a9 Anthony Walton Construcciones 2023. Todos los derechos reservados.<br \/>1. Anthony Walton Construcciones, en cumplimiento de la Ley 34\/2002, de 11 de julio, de servicios de la sociedad de la informaci\u00f3n y de comercio electr\u00f3nico, le informa que:<br \/>&#8211; Su denominaci\u00f3n social es \u00abAnthony Walton Construcciones\u00bb.<br \/>&#8211; Su NIF es X1525319M.<br \/>&#8211; Su domicilio social est\u00e1 en Capdepera, Mallorca.<br \/>&#8211; Para comunicarse con nosotros, ponemos a su disposici\u00f3n diferentes medios de <a href=\"https:\/\/anthonywalton.es\/site\/es\/contactanos\/\">contacto<\/a> que encontrar\u00e1 en nuestra secci\u00f3n Cont\u00e1ctenos.<\/p>\n<p>2. Le informamos que el sitio web www.anthonywalton.es (en adelante, el \u00abSitio Web\u00bb) tiene por objeto facilitar al p\u00fablico en general el conocimiento de las actividades que esta empresa realiza y de los productos y servicios que presta.<\/p>\n<p>3. La informaci\u00f3n relativa a los productos y servicios ofrecidos en las p\u00e1ginas de este sitio web (caracter\u00edsticas, referencias a precios, servicios y otras circunstancias espec\u00edficas) se encuentra en la misma p\u00e1gina donde se ofrece dicho producto o servicio.<\/p>\n<p>4. De acuerdo con lo establecido en la Ley Org\u00e1nica 15\/1999, de Protecci\u00f3n de Datos de Car\u00e1cter Personal (LOPD) y en la normativa de desarrollo, garantizamos la confidencialidad de los datos facilitados por sus clientes. V\u00e9ase Pol\u00edtica de privacidad y protecci\u00f3n de datos.<\/p>\n<p>5. Los derechos de propiedad intelectual de la Web, su c\u00f3digo fuente, dise\u00f1o, estructura de navegaci\u00f3n, bases de datos y los distintos elementos en \u00e9l contenidos son titularidad de Anthony Walton y Francisco Tom\u00e1s Fern\u00e1ndez, correspondi\u00e9ndonos el ejercicio exclusivo de los derechos de explotaci\u00f3n de los mismos en cualquier forma y, en especial, los derechos de reproducci\u00f3n, distribuci\u00f3n, comunicaci\u00f3n p\u00fablica, puesta a disposici\u00f3n y transformaci\u00f3n. Las fotos incluidas en la Web pertenecen a sus respectivos propietarios y se utilizan con permiso de los mismos.<\/p>\n<p>6. Se autoriza al Usuario, excepcionalmente, la reproducci\u00f3n parcial del contenido de la Web, \u00fanica y exclusivamente, si concurren todas las condiciones siguientes:<br \/>&#8211; Que sea compatible con los fines de la Web.<br \/>&#8211; Que se realice con el exclusivo \u00e1nimo de obtener la informaci\u00f3n contenida para uso personal y privado, quedando absolutamente excluido cualquier prop\u00f3sito o uso comercial o para su distribuci\u00f3n, comunicaci\u00f3n p\u00fablica, transformaci\u00f3n o descompilaci\u00f3n.<br \/>&#8211; Que no se modifique en modo alguno ninguno de los contenidos, documentos, gr\u00e1ficos relacionados con este sitio web.<br \/>&#8211; Que ning\u00fan gr\u00e1fico, icono o imagen disponible en este sitio web sea utilizado, copiado o distribuido, separadamente, del texto u otras im\u00e1genes que lo acompa\u00f1an.<br \/>Cualquier otro uso deber\u00e1 ser comunicado y autorizado, previa y expresamente.<\/p>\n<p>7. Anthony Walton Construcciones es titular de los derechos de propiedad industrial referidos a sus productos y servicios, y espec\u00edficamente de los relativos a la marca \u00abAnthony Walton Construcciones\u00bb.<\/p>\n<p>8. Cualquier enlace de terceros a este sitio web debe ser a su p\u00e1gina de inicio o de entrada en una de las lenguas disponibles.<\/p>\n<p>9. Anthony Walton Construcciones no asume responsabilidad alguna derivada de la conexi\u00f3n o contenidos de los enlaces de terceros a los que se hace referencia en la Web.<\/p>\n<p>10. La utilizaci\u00f3n no autorizada de la informaci\u00f3n contenida en esta web, as\u00ed como la lesi\u00f3n de los derechos de Propiedad Intelectual o Industrial correspondientes dar\u00e1 lugar a las responsabilidades legalmente establecidas.<\/p>\n<p>11. Anthony Walton Construcciones se reserva la facultad de efectuar, en cualquier momento y sin necesidad de previo aviso, modificaciones y actualizaciones sobre la informaci\u00f3n contenida en su web o en su configuraci\u00f3n o presentaci\u00f3n.<\/p>\n<p>12. Anthony Walton Construcciones no garantiza la inexistencia de errores en el acceso a la Web, en su contenido, ni que \u00e9ste se encuentre actualizado, aunque desarrollar\u00e1 sus mejores esfuerzos para, en su caso, evitarlos, subsanarlos o actualizarlos.<\/p>\n<p>13. Tanto el acceso a este sitio web como el uso que pueda hacerse de la informaci\u00f3n contenida en el mismo es de la exclusiva responsabilidad de quien lo realiza. El Usuario ser\u00e1 responsable de todas las acciones realizadas con su identificador de usuario o IP. Anthony Walton Construcciones no responder\u00e1 de ninguna consecuencia, da\u00f1o o perjuicio que pudieran derivarse de dicho acceso o uso de la informaci\u00f3n.<\/p>\n<p>14. Anthony Walton Construcciones no se hace responsable de los posibles errores de seguridad que se puedan producir ni de los posibles da\u00f1os que puedan causarse al sistema inform\u00e1tico del Usuario (hardware y software), los ficheros o documentos almacenados en el mismo, como consecuencia de la presencia de virus en el ordenador del Usuario utilizado para la conexi\u00f3n a los servicios y contenidos de la Web, de un mal funcionamiento del navegador o del uso de versiones no actualizadas del mismo.<\/p>\n<p>15. Las cookies constituyen una herramienta empleada por los servidores web para almacenar y recuperar informaci\u00f3n acerca de sus visitantes. Son peque\u00f1os archivos de texto que enviamos a su ordenador para mantener un registro de sus preferencias y recordarlas cuando vuelva. Anthony Walton Construcciones podr\u00e1 utilizar o no cookies (incluyendo cookies de terceros como Jetpack Analytics) para facilitar la navegaci\u00f3n por su sitio web y para obtener una mayor eficacia y personalizaci\u00f3n de los servicios ofrecidos a los Usuarios. Las cookies utilizadas permiten almacenar informaci\u00f3n sobre las preferencias e idioma del Usuario, con el fin de poder mostrarle contenidos y ofertas de especial inter\u00e9s acordes con su perfil y registrar el n\u00famero de veces que se muestra a un Usuario un determinado mensaje (generalmente, noticias en la Web). El Usuario puede libremente decidir acerca de la implantaci\u00f3n o no, en su disco duro, de las cookies empleadas. En este sentido, el Usuario podr\u00e1 configurar su navegador para aceptar o rechazar, por defecto, todas las cookies, o para recibir un aviso en pantalla de la recepci\u00f3n de cada cookie y decidir, en ese momento, su implantaci\u00f3n o no en su disco duro. . Para ello, le sugerimos que consulte la secci\u00f3n de ayuda de su navegador, para saber c\u00f3mo cambiar la configuraci\u00f3n que utiliza actualmente.<\/p>\n<p>16. Anthony Walton Construcciones y el Usuario, con renuncia expresa a cualquier otro fuero, se someten al de los juzgados y tribunales del domicilio del Usuario, para cualquier controversia que pudiera derivarse del acceso a este Sitio Web. En el caso de que el Usuario tenga su domicilio fuera de Espa\u00f1a, Anthony Walton Construcciones y el Usuario se someten, con renuncia expresa a cualquier otro fuero, a los juzgados y tribunales de la ciudad de Manacor (Espa\u00f1a).<\/p>\n\t\t\t\t\t\t\t\t<\/div>\n\t\t\t\t<\/div>\n\t\t\t\t<div class=\"elementor-element elementor-element-c53b52d elementor-widget elementor-widget-heading\" data-id=\"c53b52d\" data-element_type=\"widget\" data-e-type=\"widget\" data-widget_type=\"heading.default\">\n\t\t\t\t<div class=\"elementor-widget-container\">\n\t\t\t\t\t<h3 class=\"elementor-heading-title elementor-size-default\">Confidencialidad<\/h3>\t\t\t\t<\/div>\n\t\t\t\t<\/div>\n\t\t\t\t<div class=\"vamtam-has-theme-widget-styles elementor-element elementor-element-8c76f20 elementor-widget elementor-widget-text-editor\" data-id=\"8c76f20\" data-element_type=\"widget\" data-e-type=\"widget\" data-widget_type=\"text-editor.default\">\n\t\t\t\t<div class=\"elementor-widget-container\">\n\t\t\t\t\t\t\t\t\t<p>No seremos responsables de la privacidad de los datos recogidos por sitios web que no sean propiedad o no est\u00e9n gestionados por Anthony Walton Construcciones, incluidos aquellos enlazados a trav\u00e9s de nuestro sitio web.<\/p>\n\t\t\t\t\t\t\t\t<\/div>\n\t\t\t\t<\/div>\n\t\t\t\t\t<\/div>\n\t\t<\/div>\n\t\t\t\t\t<\/div>\n\t\t<\/section>\n\t\t\t\t<\/div>\n\t\t","protected":false},"excerpt":{"rendered":"<p>Condiciones de uso Condiciones de uso \u00bfC\u00f3mo recopilamos la informaci\u00f3n? \u00a9 Anthony Walton Construcciones 2023. Todos los derechos reservados.1. Anthony Walton Construcciones, en cumplimiento de la Ley 34\/2002, de 11 de julio, de servicios de la sociedad de la informaci\u00f3n y de comercio electr\u00f3nico, le informa que:&#8211; Su denominaci\u00f3n social es \u00abAnthony Walton Construcciones\u00bb.&#8211; Su&#8230;<\/p>\n","protected":false},"author":1,"featured_media":0,"parent":0,"menu_order":0,"comment_status":"closed","ping_status":"closed","template":"","meta":{"_themeisle_gutenberg_block_has_review":false,"footnotes":""},"class_list":["post-988781","page","type-page","status-publish","hentry"],"yoast_head":"<!-- This site is optimized with the Yoast SEO plugin v27.4 - https:\/\/yoast.com\/product\/yoast-seo-wordpress\/ -->\n<title>Condiciones de uso - Anthony Walton Construcciones<\/title>\n<meta name=\"robots\" content=\"index, follow, max-snippet:-1, max-image-preview:large, max-video-preview:-1\" \/>\n<link rel=\"canonical\" href=\"https:\/\/anthonywalton.es\/site\/es\/condiciones-de-uso\/\" \/>\n<meta property=\"og:locale\" content=\"es_ES\" \/>\n<meta property=\"og:type\" content=\"article\" \/>\n<meta property=\"og:title\" content=\"Condiciones de uso - Anthony Walton Construcciones\" \/>\n<meta property=\"og:description\" content=\"Condiciones de uso Condiciones de uso \u00bfC\u00f3mo recopilamos la informaci\u00f3n? \u00a9 Anthony Walton Construcciones 2023. Todos los derechos reservados.1. Anthony Walton Construcciones, en cumplimiento de la Ley 34\/2002, de 11 de julio, de servicios de la sociedad de la informaci\u00f3n y de comercio electr\u00f3nico, le informa que:&#8211; Su denominaci\u00f3n social es \u00abAnthony Walton Construcciones\u00bb.&#8211; Su...\" \/>\n<meta property=\"og:url\" content=\"https:\/\/anthonywalton.es\/site\/es\/condiciones-de-uso\/\" \/>\n<meta property=\"og:site_name\" content=\"Anthony Walton Construcciones\" \/>\n<meta property=\"article:modified_time\" content=\"2023-11-27T11:51:48+00:00\" \/>\n<meta name=\"twitter:card\" content=\"summary_large_image\" \/>\n<meta name=\"twitter:label1\" content=\"Tiempo de lectura\" \/>\n\t<meta name=\"twitter:data1\" content=\"6 minutos\" \/>\n<script type=\"application\/ld+json\" class=\"yoast-schema-graph\">{\"@context\":\"https:\\\/\\\/schema.org\",\"@graph\":[{\"@type\":\"WebPage\",\"@id\":\"https:\\\/\\\/anthonywalton.es\\\/site\\\/es\\\/condiciones-de-uso\\\/\",\"url\":\"https:\\\/\\\/anthonywalton.es\\\/site\\\/es\\\/condiciones-de-uso\\\/\",\"name\":\"Condiciones de uso - Anthony Walton Construcciones\",\"isPartOf\":{\"@id\":\"https:\\\/\\\/anthonywalton.es\\\/site\\\/es\\\/#website\"},\"datePublished\":\"2022-09-13T11:27:32+00:00\",\"dateModified\":\"2023-11-27T11:51:48+00:00\",\"breadcrumb\":{\"@id\":\"https:\\\/\\\/anthonywalton.es\\\/site\\\/es\\\/condiciones-de-uso\\\/#breadcrumb\"},\"inLanguage\":\"es\",\"potentialAction\":[{\"@type\":\"ReadAction\",\"target\":[\"https:\\\/\\\/anthonywalton.es\\\/site\\\/es\\\/condiciones-de-uso\\\/\"]}]},{\"@type\":\"BreadcrumbList\",\"@id\":\"https:\\\/\\\/anthonywalton.es\\\/site\\\/es\\\/condiciones-de-uso\\\/#breadcrumb\",\"itemListElement\":[{\"@type\":\"ListItem\",\"position\":1,\"name\":\"Inicio\",\"item\":\"https:\\\/\\\/anthonywalton.es\\\/site\\\/es\\\/anthony-walton-construcciones-capdepera-mallorca\\\/\"},{\"@type\":\"ListItem\",\"position\":2,\"name\":\"Condiciones de uso\"}]},{\"@type\":\"WebSite\",\"@id\":\"https:\\\/\\\/anthonywalton.es\\\/site\\\/es\\\/#website\",\"url\":\"https:\\\/\\\/anthonywalton.es\\\/site\\\/es\\\/\",\"name\":\"Anthony Walton Construcciones\",\"description\":\"We Build Your Dreams\",\"publisher\":{\"@id\":\"https:\\\/\\\/anthonywalton.es\\\/site\\\/es\\\/#organization\"},\"potentialAction\":[{\"@type\":\"SearchAction\",\"target\":{\"@type\":\"EntryPoint\",\"urlTemplate\":\"https:\\\/\\\/anthonywalton.es\\\/site\\\/es\\\/?s={search_term_string}\"},\"query-input\":{\"@type\":\"PropertyValueSpecification\",\"valueRequired\":true,\"valueName\":\"search_term_string\"}}],\"inLanguage\":\"es\"},{\"@type\":\"Organization\",\"@id\":\"https:\\\/\\\/anthonywalton.es\\\/site\\\/es\\\/#organization\",\"name\":\"Anthony Walton Construcciones\",\"url\":\"https:\\\/\\\/anthonywalton.es\\\/site\\\/es\\\/\",\"logo\":{\"@type\":\"ImageObject\",\"inLanguage\":\"es\",\"@id\":\"https:\\\/\\\/anthonywalton.es\\\/site\\\/es\\\/#\\\/schema\\\/logo\\\/image\\\/\",\"url\":\"https:\\\/\\\/anthonywalton.es\\\/site\\\/wp-content\\\/uploads\\\/2023\\\/05\\\/AWC_Logo_512w_CloseCrp.png\",\"contentUrl\":\"https:\\\/\\\/anthonywalton.es\\\/site\\\/wp-content\\\/uploads\\\/2023\\\/05\\\/AWC_Logo_512w_CloseCrp.png\",\"width\":512,\"height\":86,\"caption\":\"Anthony Walton Construcciones\"},\"image\":{\"@id\":\"https:\\\/\\\/anthonywalton.es\\\/site\\\/es\\\/#\\\/schema\\\/logo\\\/image\\\/\"}}]}<\/script>\n<!-- \/ Yoast SEO plugin. -->","yoast_head_json":{"title":"Condiciones de uso - Anthony Walton Construcciones","robots":{"index":"index","follow":"follow","max-snippet":"max-snippet:-1","max-image-preview":"max-image-preview:large","max-video-preview":"max-video-preview:-1"},"canonical":"https:\/\/anthonywalton.es\/site\/es\/condiciones-de-uso\/","og_locale":"es_ES","og_type":"article","og_title":"Condiciones de uso - Anthony Walton Construcciones","og_description":"Condiciones de uso Condiciones de uso \u00bfC\u00f3mo recopilamos la informaci\u00f3n? \u00a9 Anthony Walton Construcciones 2023. Todos los derechos reservados.1. Anthony Walton Construcciones, en cumplimiento de la Ley 34\/2002, de 11 de julio, de servicios de la sociedad de la informaci\u00f3n y de comercio electr\u00f3nico, le informa que:&#8211; Su denominaci\u00f3n social es \u00abAnthony Walton Construcciones\u00bb.&#8211; Su...","og_url":"https:\/\/anthonywalton.es\/site\/es\/condiciones-de-uso\/","og_site_name":"Anthony Walton Construcciones","article_modified_time":"2023-11-27T11:51:48+00:00","twitter_card":"summary_large_image","twitter_misc":{"Tiempo de lectura":"6 minutos"},"schema":{"@context":"https:\/\/schema.org","@graph":[{"@type":"WebPage","@id":"https:\/\/anthonywalton.es\/site\/es\/condiciones-de-uso\/","url":"https:\/\/anthonywalton.es\/site\/es\/condiciones-de-uso\/","name":"Condiciones de uso - Anthony Walton Construcciones","isPartOf":{"@id":"https:\/\/anthonywalton.es\/site\/es\/#website"},"datePublished":"2022-09-13T11:27:32+00:00","dateModified":"2023-11-27T11:51:48+00:00","breadcrumb":{"@id":"https:\/\/anthonywalton.es\/site\/es\/condiciones-de-uso\/#breadcrumb"},"inLanguage":"es","potentialAction":[{"@type":"ReadAction","target":["https:\/\/anthonywalton.es\/site\/es\/condiciones-de-uso\/"]}]},{"@type":"BreadcrumbList","@id":"https:\/\/anthonywalton.es\/site\/es\/condiciones-de-uso\/#breadcrumb","itemListElement":[{"@type":"ListItem","position":1,"name":"Inicio","item":"https:\/\/anthonywalton.es\/site\/es\/anthony-walton-construcciones-capdepera-mallorca\/"},{"@type":"ListItem","position":2,"name":"Condiciones de uso"}]},{"@type":"WebSite","@id":"https:\/\/anthonywalton.es\/site\/es\/#website","url":"https:\/\/anthonywalton.es\/site\/es\/","name":"Anthony Walton Construcciones","description":"We Build Your Dreams","publisher":{"@id":"https:\/\/anthonywalton.es\/site\/es\/#organization"},"potentialAction":[{"@type":"SearchAction","target":{"@type":"EntryPoint","urlTemplate":"https:\/\/anthonywalton.es\/site\/es\/?s={search_term_string}"},"query-input":{"@type":"PropertyValueSpecification","valueRequired":true,"valueName":"search_term_string"}}],"inLanguage":"es"},{"@type":"Organization","@id":"https:\/\/anthonywalton.es\/site\/es\/#organization","name":"Anthony Walton Construcciones","url":"https:\/\/anthonywalton.es\/site\/es\/","logo":{"@type":"ImageObject","inLanguage":"es","@id":"https:\/\/anthonywalton.es\/site\/es\/#\/schema\/logo\/image\/","url":"https:\/\/anthonywalton.es\/site\/wp-content\/uploads\/2023\/05\/AWC_Logo_512w_CloseCrp.png","contentUrl":"https:\/\/anthonywalton.es\/site\/wp-content\/uploads\/2023\/05\/AWC_Logo_512w_CloseCrp.png","width":512,"height":86,"caption":"Anthony Walton Construcciones"},"image":{"@id":"https:\/\/anthonywalton.es\/site\/es\/#\/schema\/logo\/image\/"}}]}},"jetpack-related-posts":[],"jetpack_sharing_enabled":true,"_links":{"self":[{"href":"https:\/\/anthonywalton.es\/site\/es\/wp-json\/wp\/v2\/pages\/988781","targetHints":{"allow":["GET"]}}],"collection":[{"href":"https:\/\/anthonywalton.es\/site\/es\/wp-json\/wp\/v2\/pages"}],"about":[{"href":"https:\/\/anthonywalton.es\/site\/es\/wp-json\/wp\/v2\/types\/page"}],"author":[{"embeddable":true,"href":"https:\/\/anthonywalton.es\/site\/es\/wp-json\/wp\/v2\/users\/1"}],"replies":[{"embeddable":true,"href":"https:\/\/anthonywalton.es\/site\/es\/wp-json\/wp\/v2\/comments?post=988781"}],"version-history":[{"count":0,"href":"https:\/\/anthonywalton.es\/site\/es\/wp-json\/wp\/v2\/pages\/988781\/revisions"}],"wp:attachment":[{"href":"https:\/\/anthonywalton.es\/site\/es\/wp-json\/wp\/v2\/media?parent=988781"}],"curies":[{"name":"wp","href":"https:\/\/api.w.org\/{rel}","templated":true}]}}