{"id":988768,"date":"2023-11-26T10:26:20","date_gmt":"2023-11-26T09:26:20","guid":{"rendered":"https:\/\/anthonywalton.es\/site\/contactanos\/"},"modified":"2023-11-27T12:49:56","modified_gmt":"2023-11-27T11:49:56","slug":"contactanos","status":"publish","type":"page","link":"https:\/\/anthonywalton.es\/site\/es\/contactanos\/","title":{"rendered":"Cont\u00e1ctanos"},"content":{"rendered":"\t\t<div data-elementor-type=\"wp-page\" data-elementor-id=\"988768\" class=\"elementor elementor-988768 elementor-1807\" data-elementor-post-type=\"page\">\n\t\t\t\t\t\t<section class=\"elementor-section elementor-top-section elementor-element elementor-element-0972ad7 elementor-section-boxed elementor-section-height-default elementor-section-height-default\" data-id=\"0972ad7\" data-element_type=\"section\" data-e-type=\"section\">\n\t\t\t\t\t\t<div class=\"elementor-container elementor-column-gap-no\">\n\t\t\t\t\t<div class=\"elementor-column elementor-col-50 elementor-top-column elementor-element elementor-element-0431278\" data-id=\"0431278\" data-element_type=\"column\" data-e-type=\"column\">\n\t\t\t<div class=\"elementor-widget-wrap elementor-element-populated\">\n\t\t\t\t\t\t<div class=\"elementor-element elementor-element-d80b13a elementor-position-inline-end elementor-widget__width-auto elementor-mobile-position-inline-end elementor-widget-mobile__width-auto elementor-view-default elementor-invisible elementor-widget elementor-widget-icon-box\" data-id=\"d80b13a\" data-element_type=\"widget\" data-e-type=\"widget\" data-settings=\"{&quot;_animation&quot;:&quot;slideInUp&quot;,&quot;_animation_tablet&quot;:&quot;none&quot;}\" data-widget_type=\"icon-box.default\">\n\t\t\t\t<div class=\"elementor-widget-container\">\n\t\t\t\t\t\t\t<div class=\"elementor-icon-box-wrapper\">\n\n\t\t\t\t\t\t<div class=\"elementor-icon-box-icon\">\n\t\t\t\t<span  class=\"elementor-icon\">\n\t\t\t\t<i aria-hidden=\"true\" class=\"vamtamtheme- vamtam-theme-line-titles\"><\/i>\t\t\t\t<\/span>\n\t\t\t<\/div>\n\t\t\t\n\t\t\t\n\t\t<\/div>\n\t\t\t\t\t\t<\/div>\n\t\t\t\t<\/div>\n\t\t\t\t<div class=\"elementor-element elementor-element-9448a89 elementor-invisible elementor-widget elementor-widget-heading\" data-id=\"9448a89\" data-element_type=\"widget\" data-e-type=\"widget\" data-settings=\"{&quot;_animation&quot;:&quot;fadeIn&quot;,&quot;_animation_tablet&quot;:&quot;none&quot;,&quot;_animation_delay&quot;:500}\" data-widget_type=\"heading.default\">\n\t\t\t\t<div class=\"elementor-widget-container\">\n\t\t\t\t\t<h1 class=\"elementor-heading-title elementor-size-default\">Nos encantar\u00eda saber de ti<\/h1>\t\t\t\t<\/div>\n\t\t\t\t<\/div>\n\t\t\t\t\t<\/div>\n\t\t<\/div>\n\t\t\t\t<div class=\"elementor-column elementor-col-50 elementor-top-column elementor-element elementor-element-3a28aae\" data-id=\"3a28aae\" data-element_type=\"column\" data-e-type=\"column\">\n\t\t\t<div class=\"elementor-widget-wrap elementor-element-populated\">\n\t\t\t\t\t\t<div class=\"vamtam-has-theme-widget-styles elementor-element elementor-element-563915f elementor-widget elementor-widget-text-editor\" data-id=\"563915f\" data-element_type=\"widget\" data-e-type=\"widget\" data-widget_type=\"text-editor.default\">\n\t\t\t\t<div class=\"elementor-widget-container\">\n\t\t\t\t\t\t\t\t\t<p>Con m\u00e1s de 25 a\u00f1os de experiencia, un equipo de profesionales del sector, constructores experimentados y expertos locales, trabajamos en toda Mallorca. Construimos tus sue\u00f1os.<\/p>\n\t\t\t\t\t\t\t\t<\/div>\n\t\t\t\t<\/div>\n\t\t\t\t\t<\/div>\n\t\t<\/div>\n\t\t\t\t\t<\/div>\n\t\t<\/section>\n\t\t\t\t<section class=\"elementor-section elementor-top-section elementor-element elementor-element-8a2d9cd elementor-section-boxed elementor-section-height-default elementor-section-height-default\" data-id=\"8a2d9cd\" data-element_type=\"section\" data-e-type=\"section\">\n\t\t\t\t\t\t<div class=\"elementor-container elementor-column-gap-no\">\n\t\t\t\t\t<div class=\"elementor-column elementor-col-33 elementor-top-column elementor-element elementor-element-1087890\" data-id=\"1087890\" data-element_type=\"column\" data-e-type=\"column\">\n\t\t\t<div class=\"elementor-widget-wrap elementor-element-populated\">\n\t\t\t\t\t\t<div class=\"elementor-element elementor-element-38f772a elementor-widget elementor-widget-heading\" data-id=\"38f772a\" data-element_type=\"widget\" data-e-type=\"widget\" data-widget_type=\"heading.default\">\n\t\t\t\t<div class=\"elementor-widget-container\">\n\t\t\t\t\t<h3 class=\"elementor-heading-title elementor-size-default\">\u00bfC\u00f3mo podemos ayudarte?<\/h3>\t\t\t\t<\/div>\n\t\t\t\t<\/div>\n\t\t\t\t<div class=\"vamtam-has-theme-widget-styles elementor-element elementor-element-55aa08a elementor-button-align-start vamtam-has-underline-anim elementor-widget elementor-widget-form\" data-id=\"55aa08a\" data-element_type=\"widget\" data-e-type=\"widget\" data-settings=\"{&quot;step_next_label&quot;:&quot;Siguiente&quot;,&quot;step_previous_label&quot;:&quot;Anterior&quot;,&quot;button_width&quot;:&quot;100&quot;,&quot;step_type&quot;:&quot;number_text&quot;,&quot;step_icon_shape&quot;:&quot;circle&quot;}\" data-widget_type=\"form.default\">\n\t\t\t\t<div class=\"elementor-widget-container\">\n\t\t\t\t\t\t\t<form class=\"elementor-form\" method=\"post\" name=\"Nuevo formulario\" aria-label=\"Nuevo formulario\">\n\t\t\t<input type=\"hidden\" name=\"post_id\" value=\"988768\"\/>\n\t\t\t<input type=\"hidden\" name=\"form_id\" value=\"55aa08a\"\/>\n\t\t\t<input type=\"hidden\" name=\"referer_title\" value=\"Anthony Walton Construcciones\" \/>\n\n\t\t\t\n\t\t\t<div class=\"elementor-form-fields-wrapper elementor-labels-above\">\n\t\t\t\t\t\t\t\t<div class=\"elementor-field-type-select elementor-field-group elementor-column elementor-field-group-field_898c52c elementor-col-50 elementor-field-required\">\n\t\t\t\t\t\t\t\t\t\t\t\t<label for=\"form-field-field_898c52c\" class=\"elementor-field-label\">\n\t\t\t\t\t\t\t\tSeleccionar consulta\t\t\t\t\t\t\t<\/label>\n\t\t\t\t\t\t\t\t<div class=\"elementor-field elementor-select-wrapper remove-before \">\n\t\t\t<div class=\"select-caret-down-wrapper\">\n\t\t\t\t<i aria-hidden=\"true\" class=\"eicon-caret-down\"><\/i>\t\t\t<\/div>\n\t\t\t<select name=\"form_fields[field_898c52c]\" id=\"form-field-field_898c52c\" class=\"elementor-field-textual elementor-size-sm\" required=\"required\">\n\t\t\t\t\t\t\t\t\t<option value=\"Seleccione\">Seleccione<\/option>\n\t\t\t\t\t\t\t\t\t<option value=\"Construcci\u00f3n\">Construcci\u00f3n<\/option>\n\t\t\t\t\t\t\t\t\t<option value=\"Servicios previos a la construcci\u00f3n\">Servicios previos a la construcci\u00f3n<\/option>\n\t\t\t\t\t\t\t\t\t<option value=\"Dise\u00f1o - Construcci\u00f3n \">Dise\u00f1o - Construcci\u00f3n <\/option>\n\t\t\t\t\t\t\t\t\t<option value=\"Contrataci\u00f3n a tanto alzado \">Contrataci\u00f3n a tanto alzado <\/option>\n\t\t\t\t\t\t\t\t\t<option value=\"Piscina\">Piscina<\/option>\n\t\t\t\t\t\t\t\t\t<option value=\"Reformar\">Reformar<\/option>\n\t\t\t\t\t\t\t\t\t<option value=\"Otros\">Otros<\/option>\n\t\t\t\t\t\t\t<\/select>\n\t\t<\/div>\n\t\t\t\t\t\t<\/div>\n\t\t\t\t\t\t\t\t<div class=\"elementor-field-type-select elementor-field-group elementor-column elementor-field-group-field_e898727 elementor-col-50 elementor-field-required\">\n\t\t\t\t\t\t\t\t\t\t\t\t<label for=\"form-field-field_e898727\" class=\"elementor-field-label\">\n\t\t\t\t\t\t\t\tSeleccionar regi\u00f3n\t\t\t\t\t\t\t<\/label>\n\t\t\t\t\t\t\t\t<div class=\"elementor-field elementor-select-wrapper remove-before \">\n\t\t\t<div class=\"select-caret-down-wrapper\">\n\t\t\t\t<i aria-hidden=\"true\" class=\"eicon-caret-down\"><\/i>\t\t\t<\/div>\n\t\t\t<select name=\"form_fields[field_e898727]\" id=\"form-field-field_e898727\" class=\"elementor-field-textual elementor-size-sm\" required=\"required\">\n\t\t\t\t\t\t\t\t\t<option value=\"Selecciona\">Selecciona<\/option>\n\t\t\t\t\t\t\t\t\t<option value=\"Noreste\">Noreste<\/option>\n\t\t\t\t\t\t\t\t\t<option value=\"Suroeste\">Suroeste<\/option>\n\t\t\t\t\t\t\t\t\t<option value=\"Palma\">Palma<\/option>\n\t\t\t\t\t\t\t\t\t<option value=\"Centro\">Centro<\/option>\n\t\t\t\t\t\t\t\t\t<option value=\"Sureste\">Sureste<\/option>\n\t\t\t\t\t\t\t\t\t<option value=\"Noroeste\">Noroeste<\/option>\n\t\t\t\t\t\t\t<\/select>\n\t\t<\/div>\n\t\t\t\t\t\t<\/div>\n\t\t\t\t\t\t\t\t<div class=\"elementor-field-type-text elementor-field-group elementor-column elementor-field-group-field_c9638cc elementor-col-50 elementor-field-required\">\n\t\t\t\t\t\t\t\t\t\t\t\t<label for=\"form-field-field_c9638cc\" class=\"elementor-field-label\">\n\t\t\t\t\t\t\t\tNombre\t\t\t\t\t\t\t<\/label>\n\t\t\t\t\t\t\t\t\t\t\t\t\t\t<input size=\"1\" type=\"text\" name=\"form_fields[field_c9638cc]\" id=\"form-field-field_c9638cc\" class=\"elementor-field elementor-size-sm  elementor-field-textual\" placeholder=\"p. ej. John\" required=\"required\">\n\t\t\t\t\t\t\t\t\t\t\t<\/div>\n\t\t\t\t\t\t\t\t<div class=\"elementor-field-type-text elementor-field-group elementor-column elementor-field-group-field_f89ab7f elementor-col-50 elementor-field-required\">\n\t\t\t\t\t\t\t\t\t\t\t\t<label for=\"form-field-field_f89ab7f\" class=\"elementor-field-label\">\n\t\t\t\t\t\t\t\tApellido\t\t\t\t\t\t\t<\/label>\n\t\t\t\t\t\t\t\t\t\t\t\t\t\t<input size=\"1\" type=\"text\" name=\"form_fields[field_f89ab7f]\" id=\"form-field-field_f89ab7f\" class=\"elementor-field elementor-size-sm  elementor-field-textual\" placeholder=\"Por ejemplo, Smith\" required=\"required\">\n\t\t\t\t\t\t\t\t\t\t\t<\/div>\n\t\t\t\t\t\t\t\t<div class=\"elementor-field-type-tel elementor-field-group elementor-column elementor-field-group-field_cc050ff elementor-col-50 elementor-field-required\">\n\t\t\t\t\t\t\t\t\t\t\t\t<label for=\"form-field-field_cc050ff\" class=\"elementor-field-label\">\n\t\t\t\t\t\t\t\tN\u00famero de tel\u00e9fono\t\t\t\t\t\t\t<\/label>\n\t\t\t\t\t\t\t\t<input size=\"1\" type=\"tel\" name=\"form_fields[field_cc050ff]\" id=\"form-field-field_cc050ff\" class=\"elementor-field elementor-size-sm  elementor-field-textual\" placeholder=\"p. ej. +132437436\" required=\"required\" pattern=\"[0-9()#&amp;+*-=.]+\" title=\"Solo se aceptan n\u00fameros y caracteres de tel\u00e9fono (#,-,*,etc).\">\n\n\t\t\t\t\t\t<\/div>\n\t\t\t\t\t\t\t\t<div class=\"elementor-field-type-email elementor-field-group elementor-column elementor-field-group-field_e32927a elementor-col-50 elementor-field-required\">\n\t\t\t\t\t\t\t\t\t\t\t\t<label for=\"form-field-field_e32927a\" class=\"elementor-field-label\">\n\t\t\t\t\t\t\t\tDirecci\u00f3n de correo electr\u00f3nico\t\t\t\t\t\t\t<\/label>\n\t\t\t\t\t\t\t\t\t\t\t\t\t\t<input size=\"1\" type=\"email\" name=\"form_fields[field_e32927a]\" id=\"form-field-field_e32927a\" class=\"elementor-field elementor-size-sm  elementor-field-textual\" placeholder=\"Por ejemplo: john@youremail.com\" required=\"required\">\n\t\t\t\t\t\t\t\t\t\t\t<\/div>\n\t\t\t\t\t\t\t\t<div class=\"elementor-field-type-textarea elementor-field-group elementor-column elementor-field-group-field_0c208c4 elementor-col-100\">\n\t\t\t\t\t\t\t\t\t\t\t\t<label for=\"form-field-field_0c208c4\" class=\"elementor-field-label\">\n\t\t\t\t\t\t\t\tDescripci\u00f3n\t\t\t\t\t\t\t<\/label>\n\t\t\t\t\t\t<textarea class=\"elementor-field-textual elementor-field  elementor-size-sm\" name=\"form_fields[field_0c208c4]\" id=\"form-field-field_0c208c4\" rows=\"3\"><\/textarea>\t\t\t\t<\/div>\n\t\t\t\t\t\t\t\t<div class=\"elementor-field-group elementor-column elementor-field-type-submit elementor-col-100 e-form__buttons\">\n\t\t\t\t\t<button class=\"elementor-button elementor-size-sm\" type=\"submit\">\n\t\t\t\t\t\t<span class=\"elementor-button-content-wrapper\">\n\t\t\t\t\t\t\t\t\t\t\t\t\t\t\t\t\t\t\t\t\t\t<span class=\"elementor-button-text\">Enviar<\/span>\n\t\t\t\t\t\t\t\t\t\t\t\t\t<\/span>\n\t\t\t\t\t<\/button>\n\t\t\t\t<\/div>\n\t\t\t<\/div>\n\t\t<\/form>\n\t\t\t\t\t\t<\/div>\n\t\t\t\t<\/div>\n\t\t\t\t\t<\/div>\n\t\t<\/div>\n\t\t\t\t<div class=\"elementor-column elementor-col-33 elementor-top-column elementor-element elementor-element-33770a5\" data-id=\"33770a5\" data-element_type=\"column\" data-e-type=\"column\">\n\t\t\t<div class=\"elementor-widget-wrap elementor-element-populated\">\n\t\t\t\t\t\t<div class=\"elementor-element elementor-element-a249c7e elementor-widget elementor-widget-heading\" data-id=\"a249c7e\" data-element_type=\"widget\" data-e-type=\"widget\" data-widget_type=\"heading.default\">\n\t\t\t\t<div class=\"elementor-widget-container\">\n\t\t\t\t\t<h3 class=\"elementor-heading-title elementor-size-default\">Nuestras oficinas<\/h3>\t\t\t\t<\/div>\n\t\t\t\t<\/div>\n\t\t\t\t<div class=\"elementor-element elementor-element-f35e252 elementor-widget elementor-widget-heading\" data-id=\"f35e252\" data-element_type=\"widget\" data-e-type=\"widget\" data-widget_type=\"heading.default\">\n\t\t\t\t<div class=\"elementor-widget-container\">\n\t\t\t\t\t<div class=\"elementor-heading-title elementor-size-default\">Capdepera<\/div>\t\t\t\t<\/div>\n\t\t\t\t<\/div>\n\t\t\t\t<div class=\"vamtam-has-theme-widget-styles elementor-element elementor-element-6caed05 elementor-widget elementor-widget-text-editor\" data-id=\"6caed05\" data-element_type=\"widget\" data-e-type=\"widget\" data-widget_type=\"text-editor.default\">\n\t\t\t\t<div class=\"elementor-widget-container\">\n\t\t\t\t\t\t\t\t\t<p>Calle des Port 14<br \/>07580 Capdepera, Mallorca<\/p><p>El horario de oficina es de 9.00 a 13.00 horas.<\/p>\t\t\t\t\t\t\t\t<\/div>\n\t\t\t\t<\/div>\n\t\t\t\t<div class=\"vamtam-has-theme-widget-styles elementor-element elementor-element-2baade7 vamtam-has-underline-anim elementor-widget elementor-widget-button\" data-id=\"2baade7\" data-element_type=\"widget\" data-e-type=\"widget\" data-widget_type=\"button.default\">\n\t\t\t\t<div class=\"elementor-widget-container\">\n\t\t\t\t\t\t\t\t\t<div class=\"elementor-button-wrapper\">\n\t\t\t\t\t<a class=\"elementor-button elementor-button-link elementor-size-sm\" href=\"tel:+34629685617\">\n\t\t\t\t\t\t<span class=\"elementor-button-content-wrapper\">\n\t\t\t\t\t\t\t\t\t<span class=\"elementor-button-text\">+34 629685617<\/span>\n\t\t\t\t\t<\/span>\n\t\t\t\t\t<\/a>\n\t\t\t\t<\/div>\n\t\t\t\t\t\t\t\t<\/div>\n\t\t\t\t<\/div>\n\t\t\t\t<div class=\"vamtam-has-theme-widget-styles elementor-element elementor-element-3f55e3f vamtam-has-underline-anim elementor-widget elementor-widget-button\" data-id=\"3f55e3f\" data-element_type=\"widget\" data-e-type=\"widget\" data-widget_type=\"button.default\">\n\t\t\t\t<div class=\"elementor-widget-container\">\n\t\t\t\t\t\t\t\t\t<div class=\"elementor-button-wrapper\">\n\t\t\t\t\t<a class=\"elementor-button elementor-button-link elementor-size-sm\" href=\"tel:+34649484528\">\n\t\t\t\t\t\t<span class=\"elementor-button-content-wrapper\">\n\t\t\t\t\t\t\t\t\t<span class=\"elementor-button-text\">+34 649484528<\/span>\n\t\t\t\t\t<\/span>\n\t\t\t\t\t<\/a>\n\t\t\t\t<\/div>\n\t\t\t\t\t\t\t\t<\/div>\n\t\t\t\t<\/div>\n\t\t\t\t<div class=\"vamtam-has-theme-widget-styles elementor-element elementor-element-130191f vamtam-has-underline-anim elementor-widget elementor-widget-button\" data-id=\"130191f\" data-element_type=\"widget\" data-e-type=\"widget\" data-widget_type=\"button.default\">\n\t\t\t\t<div class=\"elementor-widget-container\">\n\t\t\t\t\t\t\t\t\t<div class=\"elementor-button-wrapper\">\n\t\t\t\t\t<a class=\"elementor-button elementor-button-link elementor-size-sm\" href=\"mailto:%20info@anthonywalton.es\">\n\t\t\t\t\t\t<span class=\"elementor-button-content-wrapper\">\n\t\t\t\t\t\t\t\t\t<span class=\"elementor-button-text\">info@anthonywalton.es<\/span>\n\t\t\t\t\t<\/span>\n\t\t\t\t\t<\/a>\n\t\t\t\t<\/div>\n\t\t\t\t\t\t\t\t<\/div>\n\t\t\t\t<\/div>\n\t\t\t\t<div class=\"vamtam-has-theme-widget-styles elementor-element elementor-element-945cfbd elementor-widget elementor-widget-text-editor\" data-id=\"945cfbd\" data-element_type=\"widget\" data-e-type=\"widget\" data-widget_type=\"text-editor.default\">\n\t\t\t\t<div class=\"elementor-widget-container\">\n\t\t\t\t\t\t\t\t\t<p>Tambi\u00e9n puedes localizarnos en nuestros m\u00f3viles a cualquier hora razonable:<\/p>\n<p>&#8211; Anthony (ingl\u00e9s y espa\u00f1ol):<br \/><a href=\"tel:+34629685617\">+34 629685617<\/a><\/p>\n<p>&#8211; Jo (ingl\u00e9s):<br \/><a href=\"tel:+34629685617\">+34 676369726  <\/a><\/p>\n\t\t\t\t\t\t\t\t<\/div>\n\t\t\t\t<\/div>\n\t\t\t\t\t<\/div>\n\t\t<\/div>\n\t\t\t\t<div class=\"elementor-column elementor-col-33 elementor-top-column elementor-element elementor-element-6b32744\" data-id=\"6b32744\" data-element_type=\"column\" data-e-type=\"column\">\n\t\t\t<div class=\"elementor-widget-wrap elementor-element-populated\">\n\t\t\t\t\t\t<div class=\"elementor-element elementor-element-97e6138 elementor-widget elementor-widget-spacer\" data-id=\"97e6138\" data-element_type=\"widget\" data-e-type=\"widget\" data-widget_type=\"spacer.default\">\n\t\t\t\t<div class=\"elementor-widget-container\">\n\t\t\t\t\t\t\t<div class=\"elementor-spacer\">\n\t\t\t<div class=\"elementor-spacer-inner\"><\/div>\n\t\t<\/div>\n\t\t\t\t\t\t<\/div>\n\t\t\t\t<\/div>\n\t\t\t\t\t<\/div>\n\t\t<\/div>\n\t\t\t\t\t<\/div>\n\t\t<\/section>\n\t\t\t\t<\/div>\n\t\t","protected":false},"excerpt":{"rendered":"<p>Nos encantar\u00eda saber de ti Con m\u00e1s de 25 a\u00f1os de experiencia, un equipo de profesionales del sector, constructores experimentados y expertos locales, trabajamos en toda Mallorca. Construimos tus sue\u00f1os. \u00bfC\u00f3mo podemos ayudarte? Nuestras oficinas Capdepera Calle des Port 1407580 Capdepera, Mallorca El horario de oficina es de 9.00 a 13.00 horas. +34 629685617 +34&#8230;<\/p>\n","protected":false},"author":1,"featured_media":0,"parent":0,"menu_order":0,"comment_status":"closed","ping_status":"closed","template":"","meta":{"_themeisle_gutenberg_block_has_review":false,"footnotes":""},"class_list":["post-988768","page","type-page","status-publish","hentry"],"yoast_head":"<!-- This site is optimized with the Yoast SEO plugin v27.4 - https:\/\/yoast.com\/product\/yoast-seo-wordpress\/ -->\n<title>Cont\u00e1ctanos - Anthony Walton Construcciones<\/title>\n<meta name=\"description\" content=\"P\u00f3nte en contacto con Anthony Walton Construcciones y perm\u00edtenos construir tus sue\u00f1os. Nuestra oficina principal est\u00e1 en el centro de Capdepera y nuestro horario...\" \/>\n<meta name=\"robots\" content=\"index, follow, max-snippet:-1, max-image-preview:large, max-video-preview:-1\" \/>\n<link rel=\"canonical\" href=\"https:\/\/anthonywalton.es\/site\/es\/contactanos\/\" \/>\n<meta property=\"og:locale\" content=\"es_ES\" \/>\n<meta property=\"og:type\" content=\"article\" \/>\n<meta property=\"og:title\" content=\"Cont\u00e1ctanos - Anthony Walton Construcciones\" \/>\n<meta property=\"og:description\" content=\"P\u00f3nte en contacto con Anthony Walton Construcciones y perm\u00edtenos construir tus sue\u00f1os. Nuestra oficina principal est\u00e1 en el centro de Capdepera y nuestro horario...\" \/>\n<meta property=\"og:url\" content=\"https:\/\/anthonywalton.es\/site\/es\/contactanos\/\" \/>\n<meta property=\"og:site_name\" content=\"Anthony Walton Construcciones\" \/>\n<meta property=\"article:modified_time\" content=\"2023-11-27T11:49:56+00:00\" \/>\n<meta name=\"twitter:card\" content=\"summary_large_image\" \/>\n<meta name=\"twitter:label1\" content=\"Tiempo de lectura\" \/>\n\t<meta name=\"twitter:data1\" content=\"1 minuto\" \/>\n<script type=\"application\/ld+json\" class=\"yoast-schema-graph\">{\"@context\":\"https:\\\/\\\/schema.org\",\"@graph\":[{\"@type\":\"WebPage\",\"@id\":\"https:\\\/\\\/anthonywalton.es\\\/site\\\/es\\\/contactanos\\\/\",\"url\":\"https:\\\/\\\/anthonywalton.es\\\/site\\\/es\\\/contactanos\\\/\",\"name\":\"Cont\u00e1ctanos - Anthony Walton Construcciones\",\"isPartOf\":{\"@id\":\"https:\\\/\\\/anthonywalton.es\\\/site\\\/es\\\/#website\"},\"datePublished\":\"2023-11-26T09:26:20+00:00\",\"dateModified\":\"2023-11-27T11:49:56+00:00\",\"description\":\"P\u00f3nte en contacto con Anthony Walton Construcciones y perm\u00edtenos construir tus sue\u00f1os. Nuestra oficina principal est\u00e1 en el centro de Capdepera y nuestro horario...\",\"breadcrumb\":{\"@id\":\"https:\\\/\\\/anthonywalton.es\\\/site\\\/es\\\/contactanos\\\/#breadcrumb\"},\"inLanguage\":\"es\",\"potentialAction\":[{\"@type\":\"ReadAction\",\"target\":[\"https:\\\/\\\/anthonywalton.es\\\/site\\\/es\\\/contactanos\\\/\"]}]},{\"@type\":\"BreadcrumbList\",\"@id\":\"https:\\\/\\\/anthonywalton.es\\\/site\\\/es\\\/contactanos\\\/#breadcrumb\",\"itemListElement\":[{\"@type\":\"ListItem\",\"position\":1,\"name\":\"Inicio\",\"item\":\"https:\\\/\\\/anthonywalton.es\\\/site\\\/es\\\/anthony-walton-construcciones-capdepera-mallorca\\\/\"},{\"@type\":\"ListItem\",\"position\":2,\"name\":\"Cont\u00e1ctanos\"}]},{\"@type\":\"WebSite\",\"@id\":\"https:\\\/\\\/anthonywalton.es\\\/site\\\/es\\\/#website\",\"url\":\"https:\\\/\\\/anthonywalton.es\\\/site\\\/es\\\/\",\"name\":\"Anthony Walton Construcciones\",\"description\":\"We Build Your Dreams\",\"publisher\":{\"@id\":\"https:\\\/\\\/anthonywalton.es\\\/site\\\/es\\\/#organization\"},\"potentialAction\":[{\"@type\":\"SearchAction\",\"target\":{\"@type\":\"EntryPoint\",\"urlTemplate\":\"https:\\\/\\\/anthonywalton.es\\\/site\\\/es\\\/?s={search_term_string}\"},\"query-input\":{\"@type\":\"PropertyValueSpecification\",\"valueRequired\":true,\"valueName\":\"search_term_string\"}}],\"inLanguage\":\"es\"},{\"@type\":\"Organization\",\"@id\":\"https:\\\/\\\/anthonywalton.es\\\/site\\\/es\\\/#organization\",\"name\":\"Anthony Walton Construcciones\",\"url\":\"https:\\\/\\\/anthonywalton.es\\\/site\\\/es\\\/\",\"logo\":{\"@type\":\"ImageObject\",\"inLanguage\":\"es\",\"@id\":\"https:\\\/\\\/anthonywalton.es\\\/site\\\/es\\\/#\\\/schema\\\/logo\\\/image\\\/\",\"url\":\"https:\\\/\\\/anthonywalton.es\\\/site\\\/wp-content\\\/uploads\\\/2023\\\/05\\\/AWC_Logo_512w_CloseCrp.png\",\"contentUrl\":\"https:\\\/\\\/anthonywalton.es\\\/site\\\/wp-content\\\/uploads\\\/2023\\\/05\\\/AWC_Logo_512w_CloseCrp.png\",\"width\":512,\"height\":86,\"caption\":\"Anthony Walton Construcciones\"},\"image\":{\"@id\":\"https:\\\/\\\/anthonywalton.es\\\/site\\\/es\\\/#\\\/schema\\\/logo\\\/image\\\/\"}}]}<\/script>\n<!-- \/ Yoast SEO plugin. -->","yoast_head_json":{"title":"Cont\u00e1ctanos - Anthony Walton Construcciones","description":"P\u00f3nte en contacto con Anthony Walton Construcciones y perm\u00edtenos construir tus sue\u00f1os. Nuestra oficina principal est\u00e1 en el centro de Capdepera y nuestro horario...","robots":{"index":"index","follow":"follow","max-snippet":"max-snippet:-1","max-image-preview":"max-image-preview:large","max-video-preview":"max-video-preview:-1"},"canonical":"https:\/\/anthonywalton.es\/site\/es\/contactanos\/","og_locale":"es_ES","og_type":"article","og_title":"Cont\u00e1ctanos - Anthony Walton Construcciones","og_description":"P\u00f3nte en contacto con Anthony Walton Construcciones y perm\u00edtenos construir tus sue\u00f1os. Nuestra oficina principal est\u00e1 en el centro de Capdepera y nuestro horario...","og_url":"https:\/\/anthonywalton.es\/site\/es\/contactanos\/","og_site_name":"Anthony Walton Construcciones","article_modified_time":"2023-11-27T11:49:56+00:00","twitter_card":"summary_large_image","twitter_misc":{"Tiempo de lectura":"1 minuto"},"schema":{"@context":"https:\/\/schema.org","@graph":[{"@type":"WebPage","@id":"https:\/\/anthonywalton.es\/site\/es\/contactanos\/","url":"https:\/\/anthonywalton.es\/site\/es\/contactanos\/","name":"Cont\u00e1ctanos - Anthony Walton Construcciones","isPartOf":{"@id":"https:\/\/anthonywalton.es\/site\/es\/#website"},"datePublished":"2023-11-26T09:26:20+00:00","dateModified":"2023-11-27T11:49:56+00:00","description":"P\u00f3nte en contacto con Anthony Walton Construcciones y perm\u00edtenos construir tus sue\u00f1os. Nuestra oficina principal est\u00e1 en el centro de Capdepera y nuestro horario...","breadcrumb":{"@id":"https:\/\/anthonywalton.es\/site\/es\/contactanos\/#breadcrumb"},"inLanguage":"es","potentialAction":[{"@type":"ReadAction","target":["https:\/\/anthonywalton.es\/site\/es\/contactanos\/"]}]},{"@type":"BreadcrumbList","@id":"https:\/\/anthonywalton.es\/site\/es\/contactanos\/#breadcrumb","itemListElement":[{"@type":"ListItem","position":1,"name":"Inicio","item":"https:\/\/anthonywalton.es\/site\/es\/anthony-walton-construcciones-capdepera-mallorca\/"},{"@type":"ListItem","position":2,"name":"Cont\u00e1ctanos"}]},{"@type":"WebSite","@id":"https:\/\/anthonywalton.es\/site\/es\/#website","url":"https:\/\/anthonywalton.es\/site\/es\/","name":"Anthony Walton Construcciones","description":"We Build Your Dreams","publisher":{"@id":"https:\/\/anthonywalton.es\/site\/es\/#organization"},"potentialAction":[{"@type":"SearchAction","target":{"@type":"EntryPoint","urlTemplate":"https:\/\/anthonywalton.es\/site\/es\/?s={search_term_string}"},"query-input":{"@type":"PropertyValueSpecification","valueRequired":true,"valueName":"search_term_string"}}],"inLanguage":"es"},{"@type":"Organization","@id":"https:\/\/anthonywalton.es\/site\/es\/#organization","name":"Anthony Walton Construcciones","url":"https:\/\/anthonywalton.es\/site\/es\/","logo":{"@type":"ImageObject","inLanguage":"es","@id":"https:\/\/anthonywalton.es\/site\/es\/#\/schema\/logo\/image\/","url":"https:\/\/anthonywalton.es\/site\/wp-content\/uploads\/2023\/05\/AWC_Logo_512w_CloseCrp.png","contentUrl":"https:\/\/anthonywalton.es\/site\/wp-content\/uploads\/2023\/05\/AWC_Logo_512w_CloseCrp.png","width":512,"height":86,"caption":"Anthony Walton Construcciones"},"image":{"@id":"https:\/\/anthonywalton.es\/site\/es\/#\/schema\/logo\/image\/"}}]}},"jetpack-related-posts":[],"jetpack_sharing_enabled":true,"_links":{"self":[{"href":"https:\/\/anthonywalton.es\/site\/es\/wp-json\/wp\/v2\/pages\/988768","targetHints":{"allow":["GET"]}}],"collection":[{"href":"https:\/\/anthonywalton.es\/site\/es\/wp-json\/wp\/v2\/pages"}],"about":[{"href":"https:\/\/anthonywalton.es\/site\/es\/wp-json\/wp\/v2\/types\/page"}],"author":[{"embeddable":true,"href":"https:\/\/anthonywalton.es\/site\/es\/wp-json\/wp\/v2\/users\/1"}],"replies":[{"embeddable":true,"href":"https:\/\/anthonywalton.es\/site\/es\/wp-json\/wp\/v2\/comments?post=988768"}],"version-history":[{"count":0,"href":"https:\/\/anthonywalton.es\/site\/es\/wp-json\/wp\/v2\/pages\/988768\/revisions"}],"wp:attachment":[{"href":"https:\/\/anthonywalton.es\/site\/es\/wp-json\/wp\/v2\/media?parent=988768"}],"curies":[{"name":"wp","href":"https:\/\/api.w.org\/{rel}","templated":true}]}}