{"id":988766,"date":"2023-11-26T23:22:24","date_gmt":"2023-11-26T22:22:24","guid":{"rendered":"https:\/\/anthonywalton.es\/site\/carreras-profesionales\/"},"modified":"2023-11-27T12:49:13","modified_gmt":"2023-11-27T11:49:13","slug":"carreras-profesionales","status":"publish","type":"page","link":"https:\/\/anthonywalton.es\/site\/es\/carreras-profesionales\/","title":{"rendered":"Carreras profesionales"},"content":{"rendered":"\t\t<div data-elementor-type=\"wp-page\" data-elementor-id=\"988766\" class=\"elementor elementor-988766 elementor-2223\" data-elementor-post-type=\"page\">\n\t\t\t\t\t\t<section class=\"elementor-section elementor-top-section elementor-element elementor-element-6a596ac elementor-section-boxed elementor-section-height-default elementor-section-height-default\" data-id=\"6a596ac\" data-element_type=\"section\" data-e-type=\"section\">\n\t\t\t\t\t\t<div class=\"elementor-container elementor-column-gap-no\">\n\t\t\t\t\t<div class=\"elementor-column elementor-col-50 elementor-top-column elementor-element elementor-element-0c6598a\" data-id=\"0c6598a\" data-element_type=\"column\" data-e-type=\"column\">\n\t\t\t<div class=\"elementor-widget-wrap elementor-element-populated\">\n\t\t\t\t\t\t<div class=\"elementor-element elementor-element-a096c58 elementor-position-inline-end elementor-widget__width-auto elementor-mobile-position-inline-end elementor-widget-mobile__width-auto elementor-view-default elementor-invisible elementor-widget elementor-widget-icon-box\" data-id=\"a096c58\" data-element_type=\"widget\" data-e-type=\"widget\" data-settings=\"{&quot;_animation&quot;:&quot;slideInUp&quot;}\" data-widget_type=\"icon-box.default\">\n\t\t\t\t<div class=\"elementor-widget-container\">\n\t\t\t\t\t\t\t<div class=\"elementor-icon-box-wrapper\">\n\n\t\t\t\t\t\t<div class=\"elementor-icon-box-icon\">\n\t\t\t\t<span  class=\"elementor-icon\">\n\t\t\t\t<i aria-hidden=\"true\" class=\"vamtamtheme- vamtam-theme-line-titles\"><\/i>\t\t\t\t<\/span>\n\t\t\t<\/div>\n\t\t\t\n\t\t\t\t\t\t<div class=\"elementor-icon-box-content\">\n\n\t\t\t\t\t\t\t\t\t<span class=\"elementor-icon-box-title\">\n\t\t\t\t\t\t<span  >\n\t\t\t\t\t\t\tTu futuro en la construcci\u00f3n est\u00e1 aqu\u00ed\t\t\t\t\t\t<\/span>\n\t\t\t\t\t<\/span>\n\t\t\t\t\n\t\t\t\t\n\t\t\t<\/div>\n\t\t\t\n\t\t<\/div>\n\t\t\t\t\t\t<\/div>\n\t\t\t\t<\/div>\n\t\t\t\t\t<\/div>\n\t\t<\/div>\n\t\t\t\t<div class=\"elementor-column elementor-col-50 elementor-top-column elementor-element elementor-element-f7fdd33\" data-id=\"f7fdd33\" data-element_type=\"column\" data-e-type=\"column\">\n\t\t\t<div class=\"elementor-widget-wrap elementor-element-populated\">\n\t\t\t\t\t\t<div class=\"vamtam-has-theme-widget-styles elementor-element elementor-element-03782e7 elementor-widget elementor-widget-text-editor\" data-id=\"03782e7\" data-element_type=\"widget\" data-e-type=\"widget\" data-widget_type=\"text-editor.default\">\n\t\t\t\t<div class=\"elementor-widget-container\">\n\t\t\t\t\t\t\t\t\t<p>Podr\u00e1s desarrollar tu carrera profesional con un fant\u00e1stico y experimentado equipo de constructores que trabajan en una gran variedad de proyectos que abarcan todo el espectro de la construcci\u00f3n.<\/p>\n\t\t\t\t\t\t\t\t<\/div>\n\t\t\t\t<\/div>\n\t\t\t\t\t<\/div>\n\t\t<\/div>\n\t\t\t\t\t<\/div>\n\t\t<\/section>\n\t\t\t\t<section class=\"elementor-section elementor-top-section elementor-element elementor-element-348708f elementor-section-full_width elementor-section-height-min-height elementor-section-stretched elementor-section-height-default elementor-section-items-middle\" data-id=\"348708f\" data-element_type=\"section\" data-e-type=\"section\" data-settings=\"{&quot;background_background&quot;:&quot;classic&quot;,&quot;stretch_section&quot;:&quot;section-stretched&quot;}\">\n\t\t\t\t\t\t<div class=\"elementor-container elementor-column-gap-default\">\n\t\t\t\t\t<div class=\"elementor-column elementor-col-100 elementor-top-column elementor-element elementor-element-1b2facd\" data-id=\"1b2facd\" data-element_type=\"column\" data-e-type=\"column\">\n\t\t\t<div class=\"elementor-widget-wrap\">\n\t\t\t\t\t\t\t<\/div>\n\t\t<\/div>\n\t\t\t\t\t<\/div>\n\t\t<\/section>\n\t\t\t\t<section class=\"elementor-section elementor-top-section elementor-element elementor-element-9f46239 elementor-section-content-bottom elementor-section-boxed elementor-section-height-default elementor-section-height-default\" data-id=\"9f46239\" data-element_type=\"section\" data-e-type=\"section\" data-settings=\"{&quot;background_background&quot;:&quot;classic&quot;}\">\n\t\t\t\t\t\t<div class=\"elementor-container elementor-column-gap-no\">\n\t\t\t\t\t<div class=\"elementor-column elementor-col-50 elementor-top-column elementor-element elementor-element-a4ccbfd\" data-id=\"a4ccbfd\" data-element_type=\"column\" data-e-type=\"column\">\n\t\t\t<div class=\"elementor-widget-wrap elementor-element-populated\">\n\t\t\t\t\t\t<div class=\"elementor-element elementor-element-9d28434 elementor-widget elementor-widget-heading\" data-id=\"9d28434\" data-element_type=\"widget\" data-e-type=\"widget\" data-widget_type=\"heading.default\">\n\t\t\t\t<div class=\"elementor-widget-container\">\n\t\t\t\t\t<h2 class=\"elementor-heading-title elementor-size-default\">Una carrera en Anthony Walton Construcciones<\/h2>\t\t\t\t<\/div>\n\t\t\t\t<\/div>\n\t\t\t\t\t<\/div>\n\t\t<\/div>\n\t\t\t\t<div class=\"elementor-column elementor-col-50 elementor-top-column elementor-element elementor-element-90c7a15\" data-id=\"90c7a15\" data-element_type=\"column\" data-e-type=\"column\">\n\t\t\t<div class=\"elementor-widget-wrap elementor-element-populated\">\n\t\t\t\t\t\t<div class=\"vamtam-has-theme-widget-styles elementor-element elementor-element-1cd5602 elementor-widget elementor-widget-text-editor\" data-id=\"1cd5602\" data-element_type=\"widget\" data-e-type=\"widget\" data-widget_type=\"text-editor.default\">\n\t\t\t\t<div class=\"elementor-widget-container\">\n\t\t\t\t\t\t\t\t\tAnthony Walton siempre ha invertido en sus trabajadores, asegur\u00e1ndose de que puedan desarrollar una carrera de por vida en la empresa. Ven a trabajar con nosotros. Siempre buscamos personas motivadas.\n\nP\u00f3nte en <a style=\"color: #a49d7a;\" href=\"https:\/\/anthonywalton.es\/site\/es\/contactanos\/\">contacto<\/a> con nosotros\t\t\t\t\t\t\t\t<\/div>\n\t\t\t\t<\/div>\n\t\t\t\t\t<\/div>\n\t\t<\/div>\n\t\t\t\t\t<\/div>\n\t\t<\/section>\n\t\t\t\t<\/div>\n\t\t","protected":false},"excerpt":{"rendered":"<p>Tu futuro en la construcci\u00f3n est\u00e1 aqu\u00ed Podr\u00e1s desarrollar tu carrera profesional con un fant\u00e1stico y experimentado equipo de constructores que trabajan en una gran variedad de proyectos que abarcan todo el espectro de la construcci\u00f3n. Una carrera en Anthony Walton Construcciones Anthony Walton siempre ha invertido en sus trabajadores, asegur\u00e1ndose de que puedan desarrollar&#8230;<\/p>\n","protected":false},"author":1,"featured_media":0,"parent":0,"menu_order":0,"comment_status":"closed","ping_status":"closed","template":"","meta":{"_themeisle_gutenberg_block_has_review":false,"footnotes":""},"class_list":["post-988766","page","type-page","status-publish","hentry"],"yoast_head":"<!-- This site is optimized with the Yoast SEO plugin v27.4 - https:\/\/yoast.com\/product\/yoast-seo-wordpress\/ -->\n<title>Carreras profesionales - Anthony Walton Construcciones<\/title>\n<meta name=\"description\" content=\"\u00bfTe gustar\u00eda desarrollar tu carrera profesional en el sector de la construcci\u00f3n con un equipo fant\u00e1stico que trabaja en diversos proyectos de construcci\u00f3n? Tu carrera empieza aqu\u00ed.\" \/>\n<meta name=\"robots\" content=\"index, follow, max-snippet:-1, max-image-preview:large, max-video-preview:-1\" \/>\n<link rel=\"canonical\" href=\"https:\/\/anthonywalton.es\/site\/es\/carreras-profesionales\/\" \/>\n<meta property=\"og:locale\" content=\"es_ES\" \/>\n<meta property=\"og:type\" content=\"article\" \/>\n<meta property=\"og:title\" content=\"Carreras profesionales - Anthony Walton Construcciones\" \/>\n<meta property=\"og:description\" content=\"\u00bfTe gustar\u00eda desarrollar tu carrera profesional en el sector de la construcci\u00f3n con un equipo fant\u00e1stico que trabaja en diversos proyectos de construcci\u00f3n? Tu carrera empieza aqu\u00ed.\" \/>\n<meta property=\"og:url\" content=\"https:\/\/anthonywalton.es\/site\/es\/carreras-profesionales\/\" \/>\n<meta property=\"og:site_name\" content=\"Anthony Walton Construcciones\" \/>\n<meta property=\"article:modified_time\" content=\"2023-11-27T11:49:13+00:00\" \/>\n<meta name=\"twitter:card\" content=\"summary_large_image\" \/>\n<script type=\"application\/ld+json\" class=\"yoast-schema-graph\">{\"@context\":\"https:\\\/\\\/schema.org\",\"@graph\":[{\"@type\":\"WebPage\",\"@id\":\"https:\\\/\\\/anthonywalton.es\\\/site\\\/es\\\/carreras-profesionales\\\/\",\"url\":\"https:\\\/\\\/anthonywalton.es\\\/site\\\/es\\\/carreras-profesionales\\\/\",\"name\":\"Carreras profesionales - Anthony Walton Construcciones\",\"isPartOf\":{\"@id\":\"https:\\\/\\\/anthonywalton.es\\\/site\\\/es\\\/#website\"},\"datePublished\":\"2023-11-26T22:22:24+00:00\",\"dateModified\":\"2023-11-27T11:49:13+00:00\",\"description\":\"\u00bfTe gustar\u00eda desarrollar tu carrera profesional en el sector de la construcci\u00f3n con un equipo fant\u00e1stico que trabaja en diversos proyectos de construcci\u00f3n? Tu carrera empieza aqu\u00ed.\",\"breadcrumb\":{\"@id\":\"https:\\\/\\\/anthonywalton.es\\\/site\\\/es\\\/carreras-profesionales\\\/#breadcrumb\"},\"inLanguage\":\"es\",\"potentialAction\":[{\"@type\":\"ReadAction\",\"target\":[\"https:\\\/\\\/anthonywalton.es\\\/site\\\/es\\\/carreras-profesionales\\\/\"]}]},{\"@type\":\"BreadcrumbList\",\"@id\":\"https:\\\/\\\/anthonywalton.es\\\/site\\\/es\\\/carreras-profesionales\\\/#breadcrumb\",\"itemListElement\":[{\"@type\":\"ListItem\",\"position\":1,\"name\":\"Inicio\",\"item\":\"https:\\\/\\\/anthonywalton.es\\\/site\\\/es\\\/anthony-walton-construcciones-capdepera-mallorca\\\/\"},{\"@type\":\"ListItem\",\"position\":2,\"name\":\"Carreras profesionales\"}]},{\"@type\":\"WebSite\",\"@id\":\"https:\\\/\\\/anthonywalton.es\\\/site\\\/es\\\/#website\",\"url\":\"https:\\\/\\\/anthonywalton.es\\\/site\\\/es\\\/\",\"name\":\"Anthony Walton Construcciones\",\"description\":\"We Build Your Dreams\",\"publisher\":{\"@id\":\"https:\\\/\\\/anthonywalton.es\\\/site\\\/es\\\/#organization\"},\"potentialAction\":[{\"@type\":\"SearchAction\",\"target\":{\"@type\":\"EntryPoint\",\"urlTemplate\":\"https:\\\/\\\/anthonywalton.es\\\/site\\\/es\\\/?s={search_term_string}\"},\"query-input\":{\"@type\":\"PropertyValueSpecification\",\"valueRequired\":true,\"valueName\":\"search_term_string\"}}],\"inLanguage\":\"es\"},{\"@type\":\"Organization\",\"@id\":\"https:\\\/\\\/anthonywalton.es\\\/site\\\/es\\\/#organization\",\"name\":\"Anthony Walton Construcciones\",\"url\":\"https:\\\/\\\/anthonywalton.es\\\/site\\\/es\\\/\",\"logo\":{\"@type\":\"ImageObject\",\"inLanguage\":\"es\",\"@id\":\"https:\\\/\\\/anthonywalton.es\\\/site\\\/es\\\/#\\\/schema\\\/logo\\\/image\\\/\",\"url\":\"https:\\\/\\\/anthonywalton.es\\\/site\\\/wp-content\\\/uploads\\\/2023\\\/05\\\/AWC_Logo_512w_CloseCrp.png\",\"contentUrl\":\"https:\\\/\\\/anthonywalton.es\\\/site\\\/wp-content\\\/uploads\\\/2023\\\/05\\\/AWC_Logo_512w_CloseCrp.png\",\"width\":512,\"height\":86,\"caption\":\"Anthony Walton Construcciones\"},\"image\":{\"@id\":\"https:\\\/\\\/anthonywalton.es\\\/site\\\/es\\\/#\\\/schema\\\/logo\\\/image\\\/\"}}]}<\/script>\n<!-- \/ Yoast SEO plugin. -->","yoast_head_json":{"title":"Carreras profesionales - Anthony Walton Construcciones","description":"\u00bfTe gustar\u00eda desarrollar tu carrera profesional en el sector de la construcci\u00f3n con un equipo fant\u00e1stico que trabaja en diversos proyectos de construcci\u00f3n? Tu carrera empieza aqu\u00ed.","robots":{"index":"index","follow":"follow","max-snippet":"max-snippet:-1","max-image-preview":"max-image-preview:large","max-video-preview":"max-video-preview:-1"},"canonical":"https:\/\/anthonywalton.es\/site\/es\/carreras-profesionales\/","og_locale":"es_ES","og_type":"article","og_title":"Carreras profesionales - Anthony Walton Construcciones","og_description":"\u00bfTe gustar\u00eda desarrollar tu carrera profesional en el sector de la construcci\u00f3n con un equipo fant\u00e1stico que trabaja en diversos proyectos de construcci\u00f3n? Tu carrera empieza aqu\u00ed.","og_url":"https:\/\/anthonywalton.es\/site\/es\/carreras-profesionales\/","og_site_name":"Anthony Walton Construcciones","article_modified_time":"2023-11-27T11:49:13+00:00","twitter_card":"summary_large_image","schema":{"@context":"https:\/\/schema.org","@graph":[{"@type":"WebPage","@id":"https:\/\/anthonywalton.es\/site\/es\/carreras-profesionales\/","url":"https:\/\/anthonywalton.es\/site\/es\/carreras-profesionales\/","name":"Carreras profesionales - Anthony Walton Construcciones","isPartOf":{"@id":"https:\/\/anthonywalton.es\/site\/es\/#website"},"datePublished":"2023-11-26T22:22:24+00:00","dateModified":"2023-11-27T11:49:13+00:00","description":"\u00bfTe gustar\u00eda desarrollar tu carrera profesional en el sector de la construcci\u00f3n con un equipo fant\u00e1stico que trabaja en diversos proyectos de construcci\u00f3n? Tu carrera empieza aqu\u00ed.","breadcrumb":{"@id":"https:\/\/anthonywalton.es\/site\/es\/carreras-profesionales\/#breadcrumb"},"inLanguage":"es","potentialAction":[{"@type":"ReadAction","target":["https:\/\/anthonywalton.es\/site\/es\/carreras-profesionales\/"]}]},{"@type":"BreadcrumbList","@id":"https:\/\/anthonywalton.es\/site\/es\/carreras-profesionales\/#breadcrumb","itemListElement":[{"@type":"ListItem","position":1,"name":"Inicio","item":"https:\/\/anthonywalton.es\/site\/es\/anthony-walton-construcciones-capdepera-mallorca\/"},{"@type":"ListItem","position":2,"name":"Carreras profesionales"}]},{"@type":"WebSite","@id":"https:\/\/anthonywalton.es\/site\/es\/#website","url":"https:\/\/anthonywalton.es\/site\/es\/","name":"Anthony Walton Construcciones","description":"We Build Your Dreams","publisher":{"@id":"https:\/\/anthonywalton.es\/site\/es\/#organization"},"potentialAction":[{"@type":"SearchAction","target":{"@type":"EntryPoint","urlTemplate":"https:\/\/anthonywalton.es\/site\/es\/?s={search_term_string}"},"query-input":{"@type":"PropertyValueSpecification","valueRequired":true,"valueName":"search_term_string"}}],"inLanguage":"es"},{"@type":"Organization","@id":"https:\/\/anthonywalton.es\/site\/es\/#organization","name":"Anthony Walton Construcciones","url":"https:\/\/anthonywalton.es\/site\/es\/","logo":{"@type":"ImageObject","inLanguage":"es","@id":"https:\/\/anthonywalton.es\/site\/es\/#\/schema\/logo\/image\/","url":"https:\/\/anthonywalton.es\/site\/wp-content\/uploads\/2023\/05\/AWC_Logo_512w_CloseCrp.png","contentUrl":"https:\/\/anthonywalton.es\/site\/wp-content\/uploads\/2023\/05\/AWC_Logo_512w_CloseCrp.png","width":512,"height":86,"caption":"Anthony Walton Construcciones"},"image":{"@id":"https:\/\/anthonywalton.es\/site\/es\/#\/schema\/logo\/image\/"}}]}},"jetpack-related-posts":[],"jetpack_sharing_enabled":true,"_links":{"self":[{"href":"https:\/\/anthonywalton.es\/site\/es\/wp-json\/wp\/v2\/pages\/988766","targetHints":{"allow":["GET"]}}],"collection":[{"href":"https:\/\/anthonywalton.es\/site\/es\/wp-json\/wp\/v2\/pages"}],"about":[{"href":"https:\/\/anthonywalton.es\/site\/es\/wp-json\/wp\/v2\/types\/page"}],"author":[{"embeddable":true,"href":"https:\/\/anthonywalton.es\/site\/es\/wp-json\/wp\/v2\/users\/1"}],"replies":[{"embeddable":true,"href":"https:\/\/anthonywalton.es\/site\/es\/wp-json\/wp\/v2\/comments?post=988766"}],"version-history":[{"count":0,"href":"https:\/\/anthonywalton.es\/site\/es\/wp-json\/wp\/v2\/pages\/988766\/revisions"}],"wp:attachment":[{"href":"https:\/\/anthonywalton.es\/site\/es\/wp-json\/wp\/v2\/media?parent=988766"}],"curies":[{"name":"wp","href":"https:\/\/api.w.org\/{rel}","templated":true}]}}